{"id":102,"date":"2015-10-21T07:35:07","date_gmt":"2015-10-21T04:35:07","guid":{"rendered":"http:\/\/mikua.fi\/uudet\/?page_id=102"},"modified":"2018-03-31T09:32:49","modified_gmt":"2018-03-31T06:32:49","slug":"autoslalom-2015","status":"publish","type":"page","link":"https:\/\/mikua.fi\/uudet\/lajit\/autoslalom-2015\/","title":{"rendered":"AutoSlalom"},"content":{"rendered":"<div class=\"gallery\"><a title=\"\" href=\"https:\/\/www.autourheilu.fi\/site\/assets\/files\/1136\/p6058495.0x800.jpg\"><img decoding=\"async\" class=\"theme-image img-responsive\" src=\"https:\/\/www.autourheilu.fi\/site\/assets\/files\/1136\/sivurajaus_p6058495.jpg\" \/><\/a><\/div>\n<div id=\"body\">\n<h3><\/h3>\n<div class=\"body clearfix\">\n<p><strong>Autoslalom<\/strong> on nopeuskilpailu, joka k\u00e4yd\u00e4\u00e4n suljetulla kestop\u00e4\u00e4llystepinnalla erilaisten esteiden aiheuttaessa suunnanmuutoksia vauhtia hiljent\u00e4v\u00e4sti. Kilpailut ajetaan Suomessa yleiseen liikenteeseen rekister\u00f6idyill\u00e4 ja katsastetuilla henkil\u00f6autoilla.<\/p>\n<p>Autoslalomissa ajetaan AL-Sport Cup, jossa on kaikkiaan seitsem\u00e4n eri luokkaa. Luokat m\u00e4\u00e4r\u00e4ytyv\u00e4t autojen tehopainon ja viritysasteen mukaisesti, sek\u00e4 renkaiden pehmeyden mukaan.<\/p>\n<p>Kuljettajalla tulee olla kilpailijalisenssi (tutustumislisenssej\u00e4 saa kisapaikalta) ja h\u00e4nen tulee k\u00e4ytt\u00e4\u00e4 hyv\u00e4ksytty\u00e4 kyp\u00e4r\u00e4\u00e4 (v\u00e4hint\u00e4\u00e4n hyv\u00e4ksytty moottoripy\u00f6r\u00e4kyp\u00e4r\u00e4).<\/p>\n<p>AL-Sport my\u00f6nt\u00e4\u00e4 autoslalomin kilpailuluvat sek\u00e4 vuosilisenssit.\u00a0Kaikilla AKK:n my\u00f6nt\u00e4mill\u00e4 ja voimassa olevilla kilpailijalisensseill\u00e4 on oikeus ottaa my\u00f6s Autoliiton hallinnoimien\u00a0lajien kilpailuihin osaa.\u00a0Henkil\u00f6, joka tulee kauden aikana kilpailemaan vain Autoliiton hallinnoimien\u00a0lajien kilpailuissa voi niin halutessaan hankkia kilpailijalisenssin Autoliitosta (AL-Sport -lisenssi), jolloin lisenssitunnus = Autoliiton j\u00e4sennumero.\u00a0AL-Sport -lisenssin hinta on 40 \u20ac kaudella 2017.<\/p>\n<p>Lis\u00e4tietoa AL-Sportin verkkosivuilta: www.al-sport.fi<\/p>\n<\/div>\n<\/div>\n","protected":false},"excerpt":{"rendered":"<p>Nopeuskilpailu, joka k\u00e4yd\u00e4\u00e4n kestop\u00e4\u00e4llystepinnalla erilaisten esteiden aiheuttaessa suunnanmuutoksia vauhtia hiljent\u00e4v\u00e4sti.<\/p>\n","protected":false},"author":1,"featured_media":195,"parent":82,"menu_order":90,"comment_status":"closed","ping_status":"closed","template":"","meta":{"_acf_changed":false,"footnotes":""},"class_list":["post-102","page","type-page","status-publish","has-post-thumbnail","hentry"],"acf":[],"_links":{"self":[{"href":"https:\/\/mikua.fi\/uudet\/wp-json\/wp\/v2\/pages\/102","targetHints":{"allow":["GET"]}}],"collection":[{"href":"https:\/\/mikua.fi\/uudet\/wp-json\/wp\/v2\/pages"}],"about":[{"href":"https:\/\/mikua.fi\/uudet\/wp-json\/wp\/v2\/types\/page"}],"author":[{"embeddable":true,"href":"https:\/\/mikua.fi\/uudet\/wp-json\/wp\/v2\/users\/1"}],"replies":[{"embeddable":true,"href":"https:\/\/mikua.fi\/uudet\/wp-json\/wp\/v2\/comments?post=102"}],"version-history":[{"count":6,"href":"https:\/\/mikua.fi\/uudet\/wp-json\/wp\/v2\/pages\/102\/revisions"}],"predecessor-version":[{"id":673,"href":"https:\/\/mikua.fi\/uudet\/wp-json\/wp\/v2\/pages\/102\/revisions\/673"}],"up":[{"embeddable":true,"href":"https:\/\/mikua.fi\/uudet\/wp-json\/wp\/v2\/pages\/82"}],"wp:featuredmedia":[{"embeddable":true,"href":"https:\/\/mikua.fi\/uudet\/wp-json\/wp\/v2\/media\/195"}],"wp:attachment":[{"href":"https:\/\/mikua.fi\/uudet\/wp-json\/wp\/v2\/media?parent=102"}],"curies":[{"name":"wp","href":"https:\/\/api.w.org\/{rel}","templated":true}]}}