{"id":1117,"date":"2021-03-08T11:59:12","date_gmt":"2021-03-08T09:59:12","guid":{"rendered":"https:\/\/mikua.fi\/uudet\/?page_id=1117"},"modified":"2022-03-19T12:40:05","modified_gmt":"2022-03-19T10:40:05","slug":"sprint","status":"publish","type":"page","link":"https:\/\/mikua.fi\/uudet\/sprint\/","title":{"rendered":"SM Sprint 2022"},"content":{"rendered":"\n<p>Mikkelin Urheiluautoilijat ry j\u00e4rjest\u00e4\u00e4 kahden p\u00e4iv\u00e4n sprint -tapahtuman Virtasalmen Motoparkissa<\/p>\n\n\n\n<p>Kilpailun virallinen Sportity<\/p>\n\n\n\n<p>Kilpailunjohtaja, Matti Jukarainen, 040 826 1938<br>Apulaiskilpailunjohtaja, Veli-Matti Karstunen, 040 187 9944<br>Kilpailunsihteeri, Sini Miettinen, 040 933 3751, sini.miettinen (at) mikua.fi <br>Turvallisuusp\u00e4\u00e4llikk\u00f6, Katri Reponen, 040 500 8988<br>Turvallisuusjohto, Tomi J\u00e4\u00e4skel\u00e4inen, 044 350 7000<br>Kilpailijoiden yhdyshenkil\u00f6, Simo P\u00e4rn\u00e4nen, 044 074 7120<br>Kilpailijoiden yhdyshenkil\u00f6, Aulis Ahonen, 050 535 5100<br><br>Tapahtuman tiedotus<br>Tarja Lipsanen, 044 958 9302, tarja.lipsanen (at) mikua.fi<br><br>Tapahtuman myynti ja markkinointi<br>mikua (at) mikua.fi<\/p>\n","protected":false},"excerpt":{"rendered":"<p>Mikkelin Urheiluautoilijat ry j\u00e4rjest\u00e4\u00e4 kahden p\u00e4iv\u00e4n sprint -tapahtuman Virtasalmen Motoparkissa Kilpailun virallinen Sportity Kilpailunjohtaja, Matti Jukarainen, 040 826 1938Apulaiskilpailunjohtaja, Veli-Matti Karstunen, 040 187 9944Kilpailunsihteeri, Sini&#8230;<\/p>\n","protected":false},"author":7,"featured_media":0,"parent":0,"menu_order":0,"comment_status":"closed","ping_status":"closed","template":"","meta":{"_acf_changed":false,"footnotes":""},"class_list":["post-1117","page","type-page","status-publish","hentry"],"acf":[],"_links":{"self":[{"href":"https:\/\/mikua.fi\/uudet\/wp-json\/wp\/v2\/pages\/1117","targetHints":{"allow":["GET"]}}],"collection":[{"href":"https:\/\/mikua.fi\/uudet\/wp-json\/wp\/v2\/pages"}],"about":[{"href":"https:\/\/mikua.fi\/uudet\/wp-json\/wp\/v2\/types\/page"}],"author":[{"embeddable":true,"href":"https:\/\/mikua.fi\/uudet\/wp-json\/wp\/v2\/users\/7"}],"replies":[{"embeddable":true,"href":"https:\/\/mikua.fi\/uudet\/wp-json\/wp\/v2\/comments?post=1117"}],"version-history":[{"count":13,"href":"https:\/\/mikua.fi\/uudet\/wp-json\/wp\/v2\/pages\/1117\/revisions"}],"predecessor-version":[{"id":1417,"href":"https:\/\/mikua.fi\/uudet\/wp-json\/wp\/v2\/pages\/1117\/revisions\/1417"}],"wp:attachment":[{"href":"https:\/\/mikua.fi\/uudet\/wp-json\/wp\/v2\/media?parent=1117"}],"curies":[{"name":"wp","href":"https:\/\/api.w.org\/{rel}","templated":true}]}}