{"id":1616,"date":"2023-12-30T18:22:34","date_gmt":"2023-12-30T16:22:34","guid":{"rendered":"https:\/\/mikua.fi\/uudet\/?page_id=1616"},"modified":"2026-02-21T09:01:28","modified_gmt":"2026-02-21T07:01:28","slug":"pelit-24","status":"publish","type":"page","link":"https:\/\/mikua.fi\/uudet\/pelit-24\/","title":{"rendered":"Pelit kausi 25 &#8211; 26"},"content":{"rendered":"\n<p>Vapaita vuoroja seuraavissa peleiss\u00e4 (p\u00e4ivitetty 21.2. klo 9.00):<br><br>LA 28.2. 17.00 Jukurit &#8211; JYP<\/p>\n\n\n\n<p>LA 7.3. 17.00 Jukurit &#8211; \u00c4ss\u00e4t<br>LA 14.3. 17.00 Jukurit &#8211; KooKoo<br><br>Arki peleiss\u00e4 ty\u00f6teht\u00e4v\u00e4t alkaa teht\u00e4v\u00e4njaolla hallin aulassa 16:45 ja p\u00e4\u00e4ttyy n. 20.30.<br>Lauantai peleiss\u00e4 ty\u00f6teht\u00e4v\u00e4t alkaa teht\u00e4v\u00e4njaolla hallin aulassa 15:30 ja p\u00e4\u00e4ttyy n. 19.30<br><br>Liikenteenohjaajan (<strong>lo<\/strong>) vaatimukset:<br>&#8211; 18 vuotta ik\u00e4\u00e4<br>&#8211; Ajokortti<\/p>\n\n\n\n<p>J\u00e4rjestyksenvalvojan (<strong>JV<\/strong>) osalta vaaditaan voimassa olevaan j\u00e4rjestyksenvalvoja -korttia.<br><br>Mik\u00e4li p\u00e4\u00e4set osallistumaan, niin laita whatsappilla Tomille viesti\u00e4 tai soita, mihin peliin p\u00e4\u00e4set.<br><br>N\u00e4hd\u00e4\u00e4n peleiss\u00e4,<br>Tomi J\u00e4\u00e4skel\u00e4inen<br>044 350 7000<br>tomi.jaaskelainen@mikua.fi<\/p>\n","protected":false},"excerpt":{"rendered":"<p>Vapaita vuoroja seuraavissa peleiss\u00e4 (p\u00e4ivitetty 21.2. klo 9.00): LA 28.2. 17.00 Jukurit &#8211; JYP LA 7.3. 17.00 Jukurit &#8211; \u00c4ss\u00e4tLA 14.3. 17.00 Jukurit &#8211; KooKoo&#8230;<\/p>\n","protected":false},"author":7,"featured_media":0,"parent":0,"menu_order":0,"comment_status":"closed","ping_status":"closed","template":"","meta":{"_acf_changed":false,"footnotes":""},"class_list":["post-1616","page","type-page","status-publish","hentry"],"acf":[],"_links":{"self":[{"href":"https:\/\/mikua.fi\/uudet\/wp-json\/wp\/v2\/pages\/1616","targetHints":{"allow":["GET"]}}],"collection":[{"href":"https:\/\/mikua.fi\/uudet\/wp-json\/wp\/v2\/pages"}],"about":[{"href":"https:\/\/mikua.fi\/uudet\/wp-json\/wp\/v2\/types\/page"}],"author":[{"embeddable":true,"href":"https:\/\/mikua.fi\/uudet\/wp-json\/wp\/v2\/users\/7"}],"replies":[{"embeddable":true,"href":"https:\/\/mikua.fi\/uudet\/wp-json\/wp\/v2\/comments?post=1616"}],"version-history":[{"count":130,"href":"https:\/\/mikua.fi\/uudet\/wp-json\/wp\/v2\/pages\/1616\/revisions"}],"predecessor-version":[{"id":2100,"href":"https:\/\/mikua.fi\/uudet\/wp-json\/wp\/v2\/pages\/1616\/revisions\/2100"}],"wp:attachment":[{"href":"https:\/\/mikua.fi\/uudet\/wp-json\/wp\/v2\/media?parent=1616"}],"curies":[{"name":"wp","href":"https:\/\/api.w.org\/{rel}","templated":true}]}}