{"id":276,"date":"2016-05-18T19:22:30","date_gmt":"2016-05-18T16:22:30","guid":{"rendered":"http:\/\/mikua.fi\/uudet\/?page_id=276"},"modified":"2025-10-28T13:30:12","modified_gmt":"2025-10-28T11:30:12","slug":"jasenedut","status":"publish","type":"page","link":"https:\/\/mikua.fi\/uudet\/jasenedut\/","title":{"rendered":"S\u00e4\u00e4nn\u00f6t"},"content":{"rendered":"\n<p><strong>MIKKELIN URHEILUAUTOILIJAT RY<\/strong><br><br><strong>1 \u00a7<\/strong> Yhdistyksen nimen\u00e4 on Mikkelin Urheiluautoilijat ry ja sen kotipaikkana on Mikkelin kaupunki.<\/p>\n\n\n\n<p><strong>2 \u00a7<\/strong> Yhdistyksen tarkoituksena on autourheilun, auton hallintataidon ja liikennekulttuurin edist\u00e4minen ja kehitt\u00e4minen Mikkelin kaupungissa ja sen l\u00e4hiymp\u00e4rist\u00f6ss\u00e4. Tarkoituksensa toteuttamiseksi yhdistys voi j\u00e4rjest\u00e4\u00e4 kilpailuja, n\u00e4yt\u00f6ksi\u00e4 yms. autourheiluun ja liikennekysymyksiin liittyvi\u00e4 valistus-, tiedotus-, koulutus- ja harjoitustilaisuuksia sek\u00e4 tukea t\u00e4ss\u00e4 momentissa mainituilla tavoilla j\u00e4senist\u00f6ns\u00e4 kilpailuharrastuksia.<br>Yhdistys voi toimintansa rahoittamiseksi j\u00e4rjest\u00e4\u00e4 asianmukaisella luvalla rahanker\u00e4yksi\u00e4 sek\u00e4 vastaanottaa lahjoituksia ja testamentteja. Lis\u00e4ksi yhdistys voi omistaa ja hallita toimintaansa varten tarpeellisia kiinteist\u00f6j\u00e4.<\/p>\n\n\n\n<p><strong>3 \u00a7<\/strong> Yhdistys kuuluu j\u00e4senyhdistyksen\u00e4 Autourheilun kansalliseen keskusliittoon, AKK ry:hyn.<\/p>\n\n\n\n<p><strong>4 \u00a7<\/strong> Yhdistyksen varsinaiseksi j\u00e4seneksi voi liitty\u00e4 jokainen 15 vuotta t\u00e4ytt\u00e4nyt henkil\u00f6, jonka hallitus j\u00e4seneksi hyv\u00e4ksyy. Yhdistyksen nuorisoj\u00e4seneksi voi liitty\u00e4 alle 15-vuotias henkil\u00f6, jonka hallitus j\u00e4seneksi hyv\u00e4ksyy.<br>Kunniaj\u00e4seneksi voidaan hallituksen esityksest\u00e4 yhdistyksen kokouksen p\u00e4\u00e4t\u00f6ksell\u00e4 kutsua henkil\u00f6, joka on eritt\u00e4in huomattavasti edist\u00e4nyt yhdistyksen toimintaa.<br>Kunniapuheenjohtajaksi voidaan yhdistyksen kokouksen p\u00e4\u00e4t\u00f6ksell\u00e4 kutsua yhdistyksen puheenjohtajana ansiokkaasti toiminut henkil\u00f6.<br>Kannattajaj\u00e4seneksi yhdistyksen hallitus voi hyv\u00e4ksy\u00e4 henkil\u00f6n tai oikeustoimikelpoisen yhteis\u00f6n.<br>Nuorisoj\u00e4senell\u00e4 sek\u00e4 kannattajaj\u00e4senen\u00e4 olevalla yhteis\u00f6ll\u00e4 on l\u00e4sn\u00e4olo- ja puheoikeus, mutta ei \u00e4\u00e4nioikeutta yhdistyksen kokouksissa.<br>Yhdistys pit\u00e4\u00e4 yhdistyslain edellytt\u00e4m\u00e4\u00e4 j\u00e4senrekisteri\u00e4. Aikaisempien s\u00e4\u00e4nt\u00f6jen perusteella saavutetut j\u00e4senoikeudet s\u00e4ilyv\u00e4t.<\/p>\n\n\n\n<p><strong>5 \u00a7 <\/strong>J\u00e4sen, joka haluaa erota yhdistyksest\u00e4, tehk\u00f6\u00f6n siit\u00e4 kirjallisen ilmoituksen hallitukselle tai sen puheenjohtajalle tai suullisen ilmoituksen yhdistyksen kokouksen p\u00f6yt\u00e4kirjaan merkitt\u00e4v\u00e4ksi. Ero katsotaan tapahtuneeksi heti, kun ilmoitus on tehty, mutta eroava on velvollinen suorittamaan ennen j\u00e4sensuhteen lakkaamista er\u00e4\u00e4ntyneet maksunsa.<\/p>\n\n\n\n<p><strong>6 \u00a7<\/strong> Yhdistyksen hallitus voi erottaa j\u00e4senen, jos t\u00e4m\u00e4 on laiminly\u00f6nyt j\u00e4senmaksunsa suorittamisen yli kolme (3) kuukautta sen er\u00e4\u00e4ntymisest\u00e4 lukien tai jos h\u00e4n toiminnallaan yhdistyksess\u00e4 tai sen ulkopuolella est\u00e4\u00e4 yhdistyksen p\u00e4\u00e4m\u00e4\u00e4rien toteuttamista tai vahingoittaa sen mainetta.<br>P\u00e4\u00e4t\u00f6s tulee voimaan heti ja sen katsotaan tulleen asianomaisen tietoon viisi (5) p\u00e4iv\u00e4\u00e4 sen j\u00e4lkeen, kun p\u00e4\u00e4t\u00f6s on l\u00e4hetetty sille kirjatussa kirjeess\u00e4. P\u00e4\u00e4t\u00f6ksest\u00e4 saa valittaa urheilun oikeusturvalautakunnalle sen mukaan kuin siit\u00e4 on erikseen m\u00e4\u00e4r\u00e4tty.<br>Erotetulla ei ole oikeutta vaatia takaisin seuralle suorittamiaan maksuja.<\/p>\n\n\n\n<p><strong>7 \u00a7<\/strong> Varsinaiselta j\u00e4senelt\u00e4 kannettavan liittymismaksun ja vuotuisen tai kertakaikkisen j\u00e4senmaksun, nuorisoj\u00e4senelt\u00e4 peritt\u00e4v\u00e4n liittymismaksun ja vuotuisen nuorisoj\u00e4senmaksun sek\u00e4 kannattajaj\u00e4senelt\u00e4 peritt\u00e4v\u00e4n vuotuisen tai kertakaikkisen kannattajaj\u00e4senmaksun suuruudesta p\u00e4\u00e4tt\u00e4\u00e4 yhdistyksen syyskokous vuosittain.<br>Maksut on suoritettava hallituksen m\u00e4\u00e4r\u00e4\u00e4m\u00e4n\u00e4 aikana.<br>Varsinaista j\u00e4sent\u00e4, joka on maksanut kertakaikkisen j\u00e4senmaksun, kutsutaan ainaisj\u00e4seneksi.<br>Hallituksella on oikeus vapauttaa j\u00e4sen j\u00e4senmaksujen suorittamisesta sairauden, asevelvollisuuden tms. syyn vuoksi.<br>Kunniaj\u00e4sen ja \u2013 puheenjohtaja on vapaa j\u00e4senmaksun suorittamisesta.<\/p>\n\n\n\n<p><strong>8 \u00a7 <\/strong>Yhdistys pit\u00e4\u00e4 vuosittain kaksi varsinaista kokousta, joista kev\u00e4tkokous pidet\u00e4\u00e4n maalis- tai huhtikuussa ja syyskokous loka- tai marraskuussa. Kokouksen paikan ja tarkemman ajan m\u00e4\u00e4r\u00e4\u00e4 hallitus.<\/p>\n\n\n\n<p><strong>9 \u00a7<\/strong> Kev\u00e4tkokouksessa k\u00e4sitell\u00e4\u00e4n:<br>1 Kokouksen avaus<br>2 Valitaan kokoukselle<br>a) puheenjohtaja<br>b) sihteeri<br>c) kaksi p\u00f6yt\u00e4kirjantarkastajaa<br>d) \u00e4\u00e4ntenlaskijat<br>e) Todetaan<br>f) l\u00e4sn\u00e4olijat<br>g) \u00e4\u00e4nioikeutetut j\u00e4senet<br>3 Todetaan kokouksen laillisuus ja p\u00e4\u00e4t\u00f6svaltaisuus<br>4 Esitell\u00e4\u00e4n vuosikertomus edelliselt\u00e4 vuodelta<br>5 Esitell\u00e4\u00e4n tilikertomus ja tilintarkastajien lausunto, p\u00e4\u00e4tet\u00e4\u00e4n tilinp\u00e4\u00e4t\u00f6ksen vahvista- misesta sek\u00e4 p\u00e4\u00e4tet\u00e4\u00e4n vastuuvapauden my\u00f6nt\u00e4misest\u00e4 hallitukselle.<br>6 P\u00e4\u00e4tet\u00e4\u00e4n kunniaj\u00e4senten ja kunniapuheenjohtajan kutsumisesta<br>7 K\u00e4sitell\u00e4\u00e4n muut hallituksen tai yhdistyksen j\u00e4senten kev\u00e4tkokoukselle esitt\u00e4m\u00e4t asiat.<br>Syyskokouksessa k\u00e4sitell\u00e4\u00e4n:<br>1 Kokouksen avaus<br>2 Valitaan kokoukselle<br>a) puheenjohtaja<br>b) sihteeri<br>c) kaksi p\u00f6yt\u00e4kirjantarkastajaa<br>d) \u00e4\u00e4ntenlaskijat<br>3 Todetaan<br>a) l\u00e4sn\u00e4olijat<br>b) \u00e4\u00e4nioikeutetut j\u00e4senet<br>4 Todetaan kokouksen laillisuus ja p\u00e4\u00e4t\u00f6svaltaisuus<br>5 Vahvistetaan tulevaksi toimintakaudeksi<br>a) toimintasuunnitelma<br>b) talousarvio<br>6 Valitaan kahdeksi seuraavaksi toimintavuodeksi t\u00e4ysi-ik\u00e4isten j\u00e4senten keskuudesta hallituksen puheenjohtaja, jota my\u00f6s kutsutaan seuran puheenjohtajaksi<br>7 Valitaan kahdeksi seuraavaksi toimintavuodeksi t\u00e4ysi-ik\u00e4isten j\u00e4senten keskuudesta hallitukseen nelj\u00e4 (4) j\u00e4sent\u00e4 erovuorossa olevien tilalle<br>8 Valitaan kaksi (2) tilintarkastajaa ja heille varatilintarkastajat<br>9 Vahvistetaan liittymis-, j\u00e4sen-, nuorisoj\u00e4sen- ja kannattajaj\u00e4senmaksujen suuruus, siten kuin 7.\u00a7:ss\u00e4 on m\u00e4\u00e4r\u00e4tty<br>10 K\u00e4sitell\u00e4\u00e4n muuta hallituksen ja yhdistyksen j\u00e4senten syyskokoukselle esitt\u00e4m\u00e4t asiat.<\/p>\n\n\n\n<p><strong>10 \u00a7<\/strong> Yhdistyksen ylim\u00e4\u00e4r\u00e4inen kokous pidet\u00e4\u00e4n, milloin hallitus katsoo sen tarpeelliseksi tai kun v\u00e4hint\u00e4\u00e4n kymmenesosa (1\/10) yhdistyksen koko j\u00e4senluvusta sit\u00e4 erityisesti ilmoitettua asiaa varten kirjallisesti vaatii.<br>Asioista, joita yhdistyksen j\u00e4senet haluavat kev\u00e4t- tai syyskokouksen k\u00e4sitelt\u00e4v\u00e4ksi, on teht\u00e4v\u00e4 hallitukselle kirjallinen esitys viimeist\u00e4\u00e4n 20 p\u00e4iv\u00e4\u00e4 ennen kokousta.<\/p>\n\n\n\n<p><strong>11 \u00a7<\/strong> Yhdistyksen kokous kutsutaan koolle v\u00e4hint\u00e4\u00e4n seits\u00e4m\u00e4n (7) p\u00e4iv\u00e4\u00e4 ennen kokousta v\u00e4hint\u00e4\u00e4n yhdess\u00e4 Mikkelin kaupungissa ilmestyv\u00e4ss\u00e4 sanomalehdess\u00e4 julkaistavalla ilmoituksella tai kokouskutsulla, joka on l\u00e4hetett\u00e4v\u00e4 j\u00e4senkirjeen\u00e4 viimeist\u00e4\u00e4n seits\u00e4m\u00e4n (7) p\u00e4iv\u00e4\u00e4 ennen kokousta.<\/p>\n\n\n\n<p><strong>12 \u00a7<\/strong> Seuran toimintaa johtaa ja sen taloudenhoidosta sek\u00e4 omaisuudesta huolehtii ja vastaa sek\u00e4 seuraa edustaa syyskokouksen valitsema hallitus. Hallitukseen kuuluvat yhdeksi toimintavuodeksi valittu puheenjohtaja sek\u00e4 kahdeksi toimintavuodeksi valitut kahdeksan<br>(8) j\u00e4sent\u00e4. Hallituksen j\u00e4senist\u00e4 puolet on erovuorossa vuosittain. Ensimm\u00e4isell\u00e4 kerralla eroaa puolet arvan perusteella ja seuraavilla kerroilla vuoron mukaan.<br>Jos j\u00e4sen kesken toimikauttaan estyy teht\u00e4v\u00e4ns\u00e4 hoitamisesta, valitsee seuran kokous j\u00e4ljell\u00e4 olevaksi toimikaudeksi h\u00e4nen tilalleen toisen, mik\u00e4li katsoo sen tarpeelliseksi. Halli- tus valitsee t\u00e4ysi-ik\u00e4isten j\u00e4sentens\u00e4 keskuudesta varapuheenjohtajan sek\u00e4 lis\u00e4ksi sihteerin ja taloudenhoitajan, jotka voidaan valita my\u00f6s hallituksen ulkopuolelta.<br>Hallitus kokoontuu puheenjohtajan tai h\u00e4nen ollessaan estynyt varapuheenjohtajan kutsusta, kun he katsovat sen tarpeelliseksi tai kun puolet hallituksen j\u00e4senist\u00e4 kirjallisesti si- t\u00e4 heilt\u00e4 vaatii.<br>Hallitus on p\u00e4\u00e4t\u00f6svaltainen, kun puheenjohtaja tai h\u00e4nen estyneen\u00e4 ollessaan varapuheenjohtaja ja h\u00e4nen lis\u00e4kseen v\u00e4hint\u00e4\u00e4n puolet sen j\u00e4senist\u00e4 on saapuvilla.<br>Hallituksen teht\u00e4v\u00e4n\u00e4 on erityisesti:<br>1 Toimia seuran ylimp\u00e4n\u00e4 toimeenpanevana ja valvovana elimen\u00e4 niin, ett\u00e4 seuran tar- koituksen ja tavoitteiden mukaiset toiminnat toteutetaan suunnitelman mukaisesti.<br>2 Olla vastuussa seuran toiminnasta lakien ja asetusten mukaisesti<br>3 Suunnitella ja kehitt\u00e4\u00e4 seuran kokonaistoimintaa sek\u00e4 johtaa seuran toimintaa seuran tarkoituksen ja tavoitteiden mukaisesti.<br>4 Vahvistaa teht\u00e4v\u00e4njako keskuudessaan sek\u00e4 valita tarvittavat jaostot ja ty\u00f6ryhm\u00e4t<br>suorittamaan niille m\u00e4\u00e4r\u00e4ttyj\u00e4 hallitukselle vastuullisia teht\u00e4vi\u00e4.<br>5 Vastata seuran ulkopuolelle suuntautuvasta toiminnasta.<br>6 Vastata AKK ry:n ja sen piirien s\u00e4\u00e4nt\u00f6jen ja ohjeiden seuralle asettamista<br>velvoitteista.<br>7 Vastata seuran kokousten antamista velvoitteista.<br>8 Pit\u00e4\u00e4 j\u00e4senluetteloa.<br>9 Hoitaa seuran taloutta.<br>10 Hoitaa seuran tiedotustoimintaa.<br>11 Hyv\u00e4ksy\u00e4 ja erottaa j\u00e4senet.<br>12 Tarvittaessa valita sek\u00e4 erottaa seuran palkatut toimihenkil\u00f6t sek\u00e4 sopia heid\u00e4n eduistaan.<br>13 P\u00e4\u00e4tt\u00e4\u00e4 seuran ansiomerkkien my\u00f6nt\u00e4misest\u00e4 sek\u00e4 muiden kunnia- ja ansiomerkkien esitt\u00e4misest\u00e4.<br>14 Ryhty\u00e4 kaikkiin niihin toimenpiteisiin, joita seuran etu vaatii.<\/p>\n\n\n\n<p><strong>13 \u00a7 <\/strong>Yhdistyksen tilikautena on kalenterivuosi. Tilinp\u00e4\u00e4t\u00f6s ja vuosikertomus on valmistettava edelliselt\u00e4 vuodelta tammikuun kuluessa ja annettava tilintarkastajille helmikuun 15. p\u00e4iv\u00e4\u00e4n menness\u00e4. Tilintarkastajien tulee palauttaa tilit lausuntoineen hallitukselle viimeist\u00e4\u00e4n viikkoa ennen kev\u00e4tkokousta.<\/p>\n\n\n\n<p><strong>14 \u00a7<\/strong> Yhdistyksen nimen kirjoittavat hallituksen puheenjohtaja yksin tai varapuheenjohtaja yhdess\u00e4 jonkun muun hallituksen j\u00e4senen kanssa.<\/p>\n\n\n\n<p><strong>15 \u00a7<\/strong> N\u00e4iden s\u00e4\u00e4nt\u00f6jen muuttamiseen ja yhdistyksen purkamiseen vaaditaan kolmen nelj\u00e4sosan (3\/4) enemmist\u00f6 annetuista \u00e4\u00e4nist\u00e4 yhdistyksen kahdessa per\u00e4kk\u00e4isess\u00e4 v\u00e4hint\u00e4\u00e4n kahden viikon v\u00e4liajoin pidetyss\u00e4 kokouksessa.<\/p>\n\n\n\n<p><strong>16 \u00a7 <\/strong>Jos yhdistys p\u00e4\u00e4tet\u00e4\u00e4n purkaa, on sen varat luovutettava autourheilua ja liikennekulttuuria edist\u00e4v\u00e4\u00e4n tarkoitukseen purkamisesta p\u00e4\u00e4tt\u00e4neen kokouksen p\u00e4\u00e4t\u00f6ksen mukaisesti.<br>Selvitysmiehin\u00e4 toimivat kokouksen valitsemat henkil\u00f6t.<\/p>\n\n\n\n<p><strong>17 \u00a7<\/strong> Muutoin noudatetaan voimassa olevia yhdistyslain m\u00e4\u00e4r\u00e4yksi\u00e4.<\/p>\n","protected":false},"excerpt":{"rendered":"<p>MIKKELIN URHEILUAUTOILIJAT RY 1 \u00a7 Yhdistyksen nimen\u00e4 on Mikkelin Urheiluautoilijat ry ja sen kotipaikkana on Mikkelin kaupunki. 2 \u00a7 Yhdistyksen tarkoituksena on autourheilun, auton hallintataidon&#8230;<\/p>\n","protected":false},"author":2,"featured_media":0,"parent":0,"menu_order":0,"comment_status":"closed","ping_status":"closed","template":"","meta":{"_acf_changed":false,"footnotes":""},"class_list":["post-276","page","type-page","status-publish","hentry"],"acf":[],"_links":{"self":[{"href":"https:\/\/mikua.fi\/uudet\/wp-json\/wp\/v2\/pages\/276","targetHints":{"allow":["GET"]}}],"collection":[{"href":"https:\/\/mikua.fi\/uudet\/wp-json\/wp\/v2\/pages"}],"about":[{"href":"https:\/\/mikua.fi\/uudet\/wp-json\/wp\/v2\/types\/page"}],"author":[{"embeddable":true,"href":"https:\/\/mikua.fi\/uudet\/wp-json\/wp\/v2\/users\/2"}],"replies":[{"embeddable":true,"href":"https:\/\/mikua.fi\/uudet\/wp-json\/wp\/v2\/comments?post=276"}],"version-history":[{"count":42,"href":"https:\/\/mikua.fi\/uudet\/wp-json\/wp\/v2\/pages\/276\/revisions"}],"predecessor-version":[{"id":1923,"href":"https:\/\/mikua.fi\/uudet\/wp-json\/wp\/v2\/pages\/276\/revisions\/1923"}],"wp:attachment":[{"href":"https:\/\/mikua.fi\/uudet\/wp-json\/wp\/v2\/media?parent=276"}],"curies":[{"name":"wp","href":"https:\/\/api.w.org\/{rel}","templated":true}]}}