{"id":783,"date":"2019-02-01T17:55:11","date_gmt":"2019-02-01T15:55:11","guid":{"rendered":"http:\/\/mikua.fi\/uudet\/?page_id=783"},"modified":"2019-03-16T20:06:11","modified_gmt":"2019-03-16T18:06:11","slug":"sprint-ilmoitustaulu","status":"publish","type":"page","link":"https:\/\/mikua.fi\/uudet\/sprint-ilmoitustaulu\/","title":{"rendered":"L\u00d6YD\u00d6N KARTANO SM-RALLISPRINT -ILMOITUSTAULU"},"content":{"rendered":"\n<p>Kilpailuun ilmoittautuminen <strong><a href=\"https:\/\/akk.autourheilu.fi\/Public\/\" target=\"_blank\" rel=\"noreferrer noopener\" aria-label=\"KITI-j\u00e4rjestelm\u00e4n (avautuu uudessa v\u00e4lilehdess\u00e4)\">KITI-j\u00e4rjestelm\u00e4n<\/a><\/strong> kautta<br><\/p>\n\n\n\n<h2 class=\"wp-block-heading\">KILPAILUN DOKUMENTIT<a rel=\"noreferrer noopener\" aria-label=\"L\u00e4ht\u00f6listaa (avautuu uudessa v\u00e4lilehdess\u00e4)\" href=\"https:\/\/mikua.fi\/uudet\/wp-content\/uploads\/2019\/03\/L\u00c4HTIJ\u00c4T-LUOKITTAIN-1-2.jpg\" target=\"_blank\">L<\/a><\/h2>\n\n\n\n<p><a href=\"https:\/\/mikua.fi\/uudet\/wp-content\/uploads\/2019\/03\/YLEISKILPAILUN-TULOKSET.pdf\" target=\"_blank\" rel=\"noreferrer noopener\" aria-label=\"Yleiskilpailun tulokset (avautuu uudessa v\u00e4lilehdess\u00e4)\">Yleiskilpailun tulokset<\/a><br><\/p>\n\n\n\n<p><a href=\"https:\/\/mikua.fi\/uudet\/wp-content\/uploads\/2019\/03\/YLEISKILPAILUN-TULOKSET_NUORET.pdf\" target=\"_blank\" rel=\"noreferrer noopener\" aria-label=\"Yleiskilpailun tulokset Nuoret (avautuu uudessa v\u00e4lilehdess\u00e4)\">Yleiskilpailun tulokset Nuoret<\/a><\/p>\n\n\n\n<p><a href=\"https:\/\/mikua.fi\/uudet\/wp-content\/uploads\/2019\/03\/YLEISKILPAILUN-TULOKSET_JUNIORIT.pdf\" target=\"_blank\" rel=\"noreferrer noopener\" aria-label=\"Yleiskilpailun tulokset Juniorit (avautuu uudessa v\u00e4lilehdess\u00e4)\">Yleiskilpailun tulokset Juniorit<\/a><\/p>\n\n\n\n<p><a href=\"https:\/\/mikua.fi\/uudet\/wp-content\/uploads\/2019\/03\/YLEISKILPAILUN-TULOKSET_HISTORIC.pdf\" target=\"_blank\" rel=\"noreferrer noopener\" aria-label=\"Tulokset Historic (avautuu uudessa v\u00e4lilehdess\u00e4)\">Tulokset Historic<\/a><br><\/p>\n\n\n\n<p><a href=\"https:\/\/mikua.fi\/uudet\/wp-content\/uploads\/2019\/03\/Ep\u00e4virallinen-pistetilanne-2-ja-4-wd.pdf\" target=\"_blank\" rel=\"noreferrer noopener\" aria-label=\"Ep\u00e4virallinen pistetilanne 2 WD \/ 4 WD (avautuu uudessa v\u00e4lilehdess\u00e4)\">Ep\u00e4virallinen pistetilanne 2 WD \/ 4 WD<\/a><\/p>\n\n\n\n<p><a href=\"https:\/\/mikua.fi\/uudet\/wp-content\/uploads\/2019\/03\/Ep\u00e4virallinen-pistetilanne-Junnut.pdf\" target=\"_blank\" rel=\"noreferrer noopener\" aria-label=\"Ep\u00e4virallinen pistetilanne Junnu-SM (avautuu uudessa v\u00e4lilehdess\u00e4)\">Ep\u00e4virallinen pistetilanne Junnu-SM<\/a><\/p>\n\n\n\n<p><a href=\"https:\/\/mikua.fi\/uudet\/wp-content\/uploads\/2019\/03\/Ep\u00e4virallinen-pistetilanne-Junnut.pdf\" target=\"_blank\" rel=\"noreferrer noopener\" aria-label=\"Ep\u00e4virallinen pistetilanne Suomi-Cup (avautuu uudessa v\u00e4lilehdess\u00e4)\">Ep\u00e4virallinen pistetilanne Suomi-Cup<\/a><\/p>\n\n\n\n<p><a rel=\"noreferrer noopener\" aria-label=\"Tuloksia luokittain (avautuu uudessa v\u00e4lilehdess\u00e4)\" href=\"https:\/\/mikua.fi\/uudet\/wp-content\/uploads\/2019\/03\/TULOKSIA-LUOKITTAIN.pdf\" target=\"_blank\">Tuloksia luokittain<\/a><\/p>\n\n\n\n<p><a href=\"https:\/\/mikua.fi\/uudet\/wp-content\/uploads\/2019\/03\/TULOKSET_1-1.pdf\" target=\"_blank\" rel=\"noreferrer noopener\" aria-label=\"Lis\u00e4\u00e4 tuloksia (avautuu uudessa v\u00e4lilehdess\u00e4)\">Lis\u00e4\u00e4 tuloksia<\/a><br><\/p>\n\n\n\n<p><a href=\"https:\/\/mikua.fi\/uudet\/wp-content\/uploads\/2019\/03\/Palkittavien-m\u00e4\u00e4r\u00e4.pdf\" target=\"_blank\" rel=\"noreferrer noopener\" aria-label=\"Palkittavien lista (avautuu uudessa v\u00e4lilehdess\u00e4)\">Palkittavien lista<\/a><\/p>\n\n\n\n<p><a href=\"https:\/\/mikua.fi\/uudet\/wp-content\/uploads\/2019\/03\/L\u00c4HTIJ\u00c4T-LUOKITTAIN.pdf\">L\u00e4htij\u00e4t luokittain<\/a><\/p>\n\n\n\n<p>Kilpailun <strong><a rel=\"noreferrer noopener\" aria-label=\"s\u00e4\u00e4nn\u00f6t (avautuu uudessa v\u00e4lilehdess\u00e4)\" href=\"https:\/\/mikua.fi\/uudet\/wp-content\/uploads\/2019\/02\/L\u00f6yd\u00f6n-Kartano-SM-RS_S\u00e4\u00e4nn\u00f6t.pdf\" target=\"_blank\">S\u00e4\u00e4nn\u00f6t<\/a><\/strong><\/p>\n\n\n\n<p>Kilpailun <strong><a href=\"https:\/\/mikua.fi\/uudet\/wp-content\/uploads\/2019\/02\/LIS\u00c4M\u00c4\u00c4R\u00c4YS_1_L\u00f6yd\u00f6n-Kartano-SM-Rallisprint_2019.pdf\" target=\"_blank\" rel=\"noreferrer noopener\" aria-label=\" (avautuu uudessa v\u00e4lilehdess\u00e4)\">Lis\u00e4m\u00e4\u00e4r\u00e4ys 1<\/a><\/strong><\/p>\n\n\n\n<p>Kilpailun <a rel=\"noreferrer noopener\" aria-label=\"Lis\u00e4m\u00e4\u00e4r\u00e4ys 2 (avautuu uudessa v\u00e4lilehdess\u00e4)\" href=\"https:\/\/mikua.fi\/uudet\/wp-content\/uploads\/2019\/03\/LIS\u00c4M\u00c4\u00c4R\u00c4YS_2.pdf\" target=\"_blank\">L<strong>is\u00e4m\u00e4\u00e4r\u00e4ys 2<\/strong><\/a><\/p>\n\n\n\n<p>Kilpailun <a rel=\"noreferrer noopener\" aria-label=\"Lis\u00e4m\u00e4\u00e4r\u00e4ys 3 (avautuu uudessa v\u00e4lilehdess\u00e4)\" href=\"https:\/\/mikua.fi\/uudet\/wp-content\/uploads\/2019\/03\/LIS\u00c4M\u00c4\u00c4R\u00c4YS_3.pdf\" target=\"_blank\"><strong>Lis\u00e4m\u00e4\u00e4r\u00e4ys 3<\/strong><\/a><\/p>\n\n\n\n<p>Alueen<strong> <\/strong><a rel=\"noreferrer noopener\" aria-label=\"Kartta (avautuu uudessa v\u00e4lilehdess\u00e4)\" href=\"https:\/\/mikua.fi\/uudet\/wp-content\/uploads\/2019\/03\/ALUEKARTTA_ILMOITUSTAULU.pdf\" target=\"_blank\"><strong>Kartta<\/strong><\/a><\/p>\n\n\n\n<p>Huoltoalueen <strong><a href=\"https:\/\/mikua.fi\/uudet\/wp-content\/uploads\/2019\/03\/Huoltoalue_KARTTA_ILMOITUSTAULU.pdf\" target=\"_blank\" rel=\"noreferrer noopener\" aria-label=\"Kartta (avautuu uudessa v\u00e4lilehdess\u00e4)\">Kartta<\/a><\/strong><\/p>\n\n\n\n<p><strong><a href=\"https:\/\/mikua.fi\/uudet\/wp-content\/uploads\/2019\/03\/KILPAILIJAOHJE.pdf\" target=\"_blank\" rel=\"noreferrer noopener\" aria-label=\"Kilpailijaohje (avautuu uudessa v\u00e4lilehdess\u00e4)\">Kilpailijaohje<\/a><\/strong><\/p>\n\n\n\n<p><strong><a href=\"https:\/\/mikua.fi\/uudet\/wp-content\/uploads\/2019\/03\/tekniikkalomake_2019_1.pdf\" target=\"_blank\" rel=\"noreferrer noopener\" aria-label=\" (avautuu uudessa v\u00e4lilehdess\u00e4)\">Tekniikkalomake<\/a><\/strong><\/p>\n\n\n\n<p><strong><a href=\"https:\/\/mikua.fi\/uudet\/wp-content\/uploads\/2019\/03\/KUULUTTAJATIETOLOMAKE.pdf\" target=\"_blank\" rel=\"noreferrer noopener\" aria-label=\"Kuuluttajatietolomake (avautuu uudessa v\u00e4lilehdess\u00e4)\">Kuuluttajatietolomake<\/a><\/strong><\/p>\n\n\n\n<p>Kilpailun <strong><a href=\"https:\/\/mikua.fi\/uudet\/wp-content\/uploads\/2019\/03\/Aikataulu-ilmoitustaululle.pdf\" target=\"_blank\" rel=\"noreferrer noopener\" aria-label=\"Aikataulu (avautuu uudessa v\u00e4lilehdess\u00e4)\">Aikataulu<\/a><\/strong><br><\/p>\n\n\n\n<h2 class=\"wp-block-heading\">RUOKAILU<br><\/h2>\n\n\n\n<p>Alueella ravintola-\/puffet-toimintaa, ilmoittautumismaksuun sis\u00e4ltyy Lounas x 2.<\/p>\n\n\n\n<h2 class=\"wp-block-heading\">MEDIA<\/h2>\n\n\n\n<p>Median akkreditoitumista etuk\u00e4teen toivotaan &#8211; osoitteeseen <strong>minna.hanninen@mikua.fi<\/strong><br><\/p>\n","protected":false},"excerpt":{"rendered":"<p>Kilpailuun ilmoittautuminen KITI-j\u00e4rjestelm\u00e4n kautta KILPAILUN DOKUMENTITL Yleiskilpailun tulokset Yleiskilpailun tulokset Nuoret Yleiskilpailun tulokset Juniorit Tulokset Historic Ep\u00e4virallinen pistetilanne 2 WD \/ 4 WD Ep\u00e4virallinen pistetilanne&#8230;<\/p>\n","protected":false},"author":1,"featured_media":0,"parent":0,"menu_order":0,"comment_status":"closed","ping_status":"closed","template":"","meta":{"_acf_changed":false,"footnotes":""},"class_list":["post-783","page","type-page","status-publish","hentry"],"acf":[],"_links":{"self":[{"href":"https:\/\/mikua.fi\/uudet\/wp-json\/wp\/v2\/pages\/783","targetHints":{"allow":["GET"]}}],"collection":[{"href":"https:\/\/mikua.fi\/uudet\/wp-json\/wp\/v2\/pages"}],"about":[{"href":"https:\/\/mikua.fi\/uudet\/wp-json\/wp\/v2\/types\/page"}],"author":[{"embeddable":true,"href":"https:\/\/mikua.fi\/uudet\/wp-json\/wp\/v2\/users\/1"}],"replies":[{"embeddable":true,"href":"https:\/\/mikua.fi\/uudet\/wp-json\/wp\/v2\/comments?post=783"}],"version-history":[{"count":75,"href":"https:\/\/mikua.fi\/uudet\/wp-json\/wp\/v2\/pages\/783\/revisions"}],"predecessor-version":[{"id":935,"href":"https:\/\/mikua.fi\/uudet\/wp-json\/wp\/v2\/pages\/783\/revisions\/935"}],"wp:attachment":[{"href":"https:\/\/mikua.fi\/uudet\/wp-json\/wp\/v2\/media?parent=783"}],"curies":[{"name":"wp","href":"https:\/\/api.w.org\/{rel}","templated":true}]}}