{"id":84,"date":"2015-10-21T07:30:55","date_gmt":"2015-10-21T04:30:55","guid":{"rendered":"http:\/\/mikua.fi\/uudet\/?page_id=84"},"modified":"2018-03-31T14:48:45","modified_gmt":"2018-03-31T11:48:45","slug":"autosuunnistus","status":"publish","type":"page","link":"https:\/\/mikua.fi\/uudet\/lajit\/autosuunnistus\/","title":{"rendered":"Autosuunnistus"},"content":{"rendered":"<p>&nbsp;<\/p>\n<div class=\"gallery\"><a title=\"\" href=\"http:\/\/www.autourheilu.fi\/site\/assets\/files\/1086\/vvgolf1.0x800.jpg\"><img decoding=\"async\" class=\"theme-image img-responsive\" src=\"http:\/\/www.autourheilu.fi\/site\/assets\/files\/1086\/sivurajaus_vvgolf1.jpg\" \/><\/a><\/div>\n<div id=\"body\">\n<h3><\/h3>\n<div class=\"body clearfix\">\n<p><strong>Autosuunnistus<\/strong> (AS) kantoi ennen nime\u00e4 suunnistus- ja tarkkuusajo (ST). Aikojen saatossa lajin luonne on muuttunut entist\u00e4 vauhdikkaammaksi, mutta kehityksest\u00e4 huolimatta AS:n pariin on yh\u00e4 edelleen varsin helppoa tulla: tarvitaan vain katsastettu henkil\u00f6auto, kaksi innokasta harrastajaa ja muutama kymppi rahaa.<\/p>\n<p>Juoksusuunnistuksesta AS eroaa merkitt\u00e4v\u00e4sti siin\u00e4, ett\u00e4 kilpailijapari yritt\u00e4\u00e4 pysy\u00e4 koko ajan ratamestarin suunnittelemalla reitill\u00e4. Autosuunnistuksessa ei etsit\u00e4 tiettyj\u00e4 rastipisteit\u00e4, sill\u00e4 suunnistusta kontrolloivien rastien paikat ovat salaisia. Ajettavaksi tarkoitettu kilpailureitti on painettu karttojen p\u00e4\u00e4lle asetettaville kuultopapereille tai reittikuviot on painettu v\u00e4rillisin\u00e4 karttoihin.<\/p>\n<p>Kilpailureitti on jaettu pistev\u00e4leihin, joilla k\u00e4ytet\u00e4\u00e4n eri mittakaavoissa (1:5 000, 1:10 000, 1:20 000 ja 1:50 000) olevia kartanpaloja. Kartat on sommiteltu A5- tai A4-kokoisille karttapohjille. Pistev\u00e4leille ilmoitetaan my\u00f6s suoritusajat ja\/tai keskinopeusvaateet. Aikataulun noudattamista tarkkaillaan aikatarkastusasemien avulla.<\/p>\n<p>Karttojen tarkkuus vaihtelee tapahtuman luonteen, luokkatason ja maaston mukaan. Tarkimmat kartat ratamestari on tehnyt itse mittakaavaan, jossa voidaan vaatia jopa viiden metrin tarkkuutta. Suunnistusosuudet ajetaan pikkuteill\u00e4, mets\u00e4poluilla, teollisuusalueilla ja hiekkamontuissa.<\/p>\n<p>Koska reitin varrelle sijoitettujen suunnistusasemien kadottamisesta sakotetaan huomattavasti enemm\u00e4n kuin aikarikkeist\u00e4, suunnistus on lajin alkuvaiheessa selv\u00e4sti ratkaisevammassa osassa kuin vauhdinpito.<\/p>\n<p>Koska kilpailuja ei ajeta suljetuilla alueilla, kuljettajalla pit\u00e4\u00e4 tietysti olla ajokortti, mutta kartanlukija voi olla alle ajokortti-ik\u00e4inen. AS sopii n\u00e4in ollen esimerkiksi loistavasti perheharrastukseksi. AS-harjoitusajoihin tai -kilpailuihin osallistuminen ei edellyt\u00e4 mink\u00e4\u00e4n tutkinnon suorittamista tai kuulumista autourheiluseuraan. Parin osanottomaksu on harjoitusajoissa noin 10 euroa ja kalenterikilpailuissa noin 30 euroa. Harjoitusajoissa ei kisabudjettia kasvata osanottomaksun lis\u00e4ksi kuin bensakulut, mutta oikeissa kilpailuissa kilpailijalla pit\u00e4\u00e4 olla lisenssivakuutus.<\/p>\n<p>Ennen ensimm\u00e4ist\u00e4 AS-kokeilua kannattaa osallistua joko erityiseen aloittelijakoulutustilaisuuteen tai kysell\u00e4 ohjeita lajin harrastajilta. Yhden autosuunnistuskokeilun perusteella ei ole syyt\u00e4 tehd\u00e4 p\u00e4\u00e4t\u00f6st\u00e4 lajin puolesta tai sit\u00e4 vastaan, sill\u00e4 jokainen harjoitus eroaa edellisest\u00e4 ja tuo esiin uusia asioita.<\/p>\n<p>Autosuunnistuksen harjoitusajoja, harjoitusajosarjoja ja kalenterikilpailuja j\u00e4rjestet\u00e4\u00e4n eri puolilla Suomea. Tietoa autourheilusta ja autosuunnistukseen liittyvist\u00e4 asioista saat t\u00e4lt\u00e4 sivustolta, ottamalla yhteytt\u00e4 oman paikkakuntasi autourheiluseuraan tai <a href=\"http:\/\/www.autosuunnistus.net\">www.autosuunnistus.net<\/a><\/p>\n<\/div>\n<\/div>\n","protected":false},"excerpt":{"rendered":"<p>Autosuunnistus eli AS kantoi ennen nime\u00e4 suunnistus- ja tarkkuusajo (ST).<\/p>\n","protected":false},"author":1,"featured_media":196,"parent":82,"menu_order":10,"comment_status":"closed","ping_status":"closed","template":"","meta":{"_acf_changed":false,"footnotes":""},"class_list":["post-84","page","type-page","status-publish","has-post-thumbnail","hentry"],"acf":[],"_links":{"self":[{"href":"https:\/\/mikua.fi\/uudet\/wp-json\/wp\/v2\/pages\/84","targetHints":{"allow":["GET"]}}],"collection":[{"href":"https:\/\/mikua.fi\/uudet\/wp-json\/wp\/v2\/pages"}],"about":[{"href":"https:\/\/mikua.fi\/uudet\/wp-json\/wp\/v2\/types\/page"}],"author":[{"embeddable":true,"href":"https:\/\/mikua.fi\/uudet\/wp-json\/wp\/v2\/users\/1"}],"replies":[{"embeddable":true,"href":"https:\/\/mikua.fi\/uudet\/wp-json\/wp\/v2\/comments?post=84"}],"version-history":[{"count":4,"href":"https:\/\/mikua.fi\/uudet\/wp-json\/wp\/v2\/pages\/84\/revisions"}],"predecessor-version":[{"id":675,"href":"https:\/\/mikua.fi\/uudet\/wp-json\/wp\/v2\/pages\/84\/revisions\/675"}],"up":[{"embeddable":true,"href":"https:\/\/mikua.fi\/uudet\/wp-json\/wp\/v2\/pages\/82"}],"wp:featuredmedia":[{"embeddable":true,"href":"https:\/\/mikua.fi\/uudet\/wp-json\/wp\/v2\/media\/196"}],"wp:attachment":[{"href":"https:\/\/mikua.fi\/uudet\/wp-json\/wp\/v2\/media?parent=84"}],"curies":[{"name":"wp","href":"https:\/\/api.w.org\/{rel}","templated":true}]}}