{"id":86,"date":"2015-10-21T07:31:16","date_gmt":"2015-10-21T04:31:16","guid":{"rendered":"http:\/\/mikua.fi\/uudet\/?page_id=86"},"modified":"2018-03-31T14:51:59","modified_gmt":"2018-03-31T11:51:59","slug":"crosscart","status":"publish","type":"page","link":"https:\/\/mikua.fi\/uudet\/lajit\/crosscart\/","title":{"rendered":"Crosscart"},"content":{"rendered":"<div class=\"gallery\"><a title=\"\" href=\"http:\/\/www.autourheilu.fi\/site\/assets\/files\/1089\/sm2014_02_kouvola_crosskart_jamikalliomaki.0x800.jpg\"><img decoding=\"async\" class=\"theme-image img-responsive\" src=\"http:\/\/www.autourheilu.fi\/site\/assets\/files\/1089\/sivurajaus_sm2014_02_kouvola_crosskart_jamikalliomaki.jpg\" \/><\/a><\/div>\n<div id=\"body\">\n<h3>\u00a0<strong>Suomessa kisataan Crosskarteilla useassa luokassa\u00a0<\/strong><\/h3>\n<div class=\"body clearfix\">\n<p>Luokissa Mini, 85, 125 ja 250 rungon tulee noudattaa AKK:n teknisi\u00e4 m\u00e4\u00e4r\u00e4yksi\u00e4. Valmiita runkoja ja rakennussarjoja on saatavissa useita eri merkkej\u00e4.<\/p>\n<p><strong>Crosskart Mini\u00a0<\/strong><\/p>\n<p>Kuljettajan tulee t\u00e4ytt\u00e4\u00e4 minimiss\u00e4\u00e4n 6 vuotta sin\u00e4 vuonna kun aloittaa kilpailemisen, luokassa voi ajaa sen vuoden loppuun kun t\u00e4ytt\u00e4\u00e4 11 vuotta. Moottoreina ovat Raket 120 kartingmoottori tai enint\u00e4\u00e4n 270 cc nelitahtimoottori vapaakytkimell\u00e4. Moottoria ei saa viritt\u00e4\u00e4 ja Crosskartin maksinopeus on 60 km\/h. Luokka on n\u00e4yt\u00f6sluokka kilpailuissa.<\/p>\n<p><strong>Crosskart 85<\/strong><\/p>\n<p>Kuljettajan tulee t\u00e4ytt\u00e4\u00e4 minimiss\u00e4\u00e4n 9 vuotta sin\u00e4 vuonna kun aloittaa kilpailemisen, luokassa voi ajaa sen vuoden loppuun kun t\u00e4ytt\u00e4\u00e4 13 vuotta. Moottoreina ovat 85 cc motocrosspy\u00f6r\u00e4n moottorit, merkki on vapaa mutta moottori tulee olla vakio. Crosskart 85 maksinopeus on 80 km\/h. Luokassa ajetaan kansallisesta CUP-mestaruudesta.<\/p>\n<p>Siirtym\u00e4kauden 2017 my\u00f6s 85 luokka ajaa samassa SM-sarjassa 125-luokan kanssa.<\/p>\n<p><strong>Crosskart 125<\/strong><\/p>\n<p>Kuljettajan tulee t\u00e4ytt\u00e4\u00e4 minimiss\u00e4\u00e4n 12 vuotta sin\u00e4 vuonna kun aloittaa kilpailemisen, luokassa voi ajaa sen vuoden loppuun kun t\u00e4ytt\u00e4\u00e4 16 vuotta. Moottoreina k\u00e4ytet\u00e4\u00e4n 125 cc motocrosspy\u00f6r\u00e4n moottoreita ja karting moottoreita, merkki ja viritysaste ovat vapaita. Kaasuttimen enimm\u00e4iskoko on 39 mm.<\/p>\n<p>Luokassa ajetaan kansallisia kilpailuja sek\u00e4 Suomen mestaruudesta Rallicross SM-sarjan yhteydess\u00e4.<\/p>\n<p><strong>Crosskart 250<\/strong><\/p>\n<p>Kuljettajan tulee t\u00e4ytt\u00e4\u00e4 minimiss\u00e4\u00e4n 15 vuotta sin\u00e4 vuonna kun aloittaa kilpailemisen. Moottoreina k\u00e4ytet\u00e4\u00e4n 125 cc motocrosspy\u00f6r\u00e4n moottoreita, merkki ja viritysaste ovat vapaita.<\/p>\n<p><strong>Xtreme<\/strong><\/p>\n<p>Kuljettajan tulee t\u00e4ytt\u00e4\u00e4 minimiss\u00e4\u00e4n 16 vuotta sin\u00e4 vuonna kun aloittaa kilpailemisen.<\/p>\n<p>Suomessa kilpaillaan aikuiskuljettajille tarkoitettua Finnish Crosskart Challenge -sarjaa, jossa Speedcar Xtreme \u2013 putkirunkoautolla, jota vauhdittaa 750-kuutioinen Suzuki-moottoripy\u00f6r\u00e4n vakiomoottori.<\/p>\n<p>Kaikissa edell\u00e4 mainituissa luokissa kilpaillaan my\u00f6s NEZ-sarjassa, jossa kilpailuja j\u00e4rjestet\u00e4\u00e4n Pohjoismaissa ja Baltiassa.<\/p>\n<p>Kansallinen crosskart sarja FinRX:<\/p>\n<p><a href=\"https:\/\/www.finrx.fi\/\"><img decoding=\"async\" src=\"http:\/\/www.autourheilu.fi\/site\/assets\/files\/1089\/logo_1_4.400x0-is.png\" alt=\"\" width=\"400\" \/><\/a><\/p>\n<\/div>\n<\/div>\n","protected":false},"excerpt":{"rendered":"<p>Crosskart on suosittu laji l\u00e4hes kaikissa Pohjoismaissa. Norjassa ja Ruotsissa ajettu crosskarteilla kilpaa 80-luvulta l\u00e4htien.<\/p>\n","protected":false},"author":1,"featured_media":55,"parent":82,"menu_order":20,"comment_status":"closed","ping_status":"closed","template":"","meta":{"_acf_changed":false,"footnotes":""},"class_list":["post-86","page","type-page","status-publish","has-post-thumbnail","hentry"],"acf":[],"_links":{"self":[{"href":"https:\/\/mikua.fi\/uudet\/wp-json\/wp\/v2\/pages\/86","targetHints":{"allow":["GET"]}}],"collection":[{"href":"https:\/\/mikua.fi\/uudet\/wp-json\/wp\/v2\/pages"}],"about":[{"href":"https:\/\/mikua.fi\/uudet\/wp-json\/wp\/v2\/types\/page"}],"author":[{"embeddable":true,"href":"https:\/\/mikua.fi\/uudet\/wp-json\/wp\/v2\/users\/1"}],"replies":[{"embeddable":true,"href":"https:\/\/mikua.fi\/uudet\/wp-json\/wp\/v2\/comments?post=86"}],"version-history":[{"count":9,"href":"https:\/\/mikua.fi\/uudet\/wp-json\/wp\/v2\/pages\/86\/revisions"}],"predecessor-version":[{"id":678,"href":"https:\/\/mikua.fi\/uudet\/wp-json\/wp\/v2\/pages\/86\/revisions\/678"}],"up":[{"embeddable":true,"href":"https:\/\/mikua.fi\/uudet\/wp-json\/wp\/v2\/pages\/82"}],"wp:featuredmedia":[{"embeddable":true,"href":"https:\/\/mikua.fi\/uudet\/wp-json\/wp\/v2\/media\/55"}],"wp:attachment":[{"href":"https:\/\/mikua.fi\/uudet\/wp-json\/wp\/v2\/media?parent=86"}],"curies":[{"name":"wp","href":"https:\/\/api.w.org\/{rel}","templated":true}]}}