{"id":88,"date":"2015-10-21T07:31:45","date_gmt":"2015-10-21T04:31:45","guid":{"rendered":"http:\/\/mikua.fi\/uudet\/?page_id=88"},"modified":"2018-03-31T14:50:08","modified_gmt":"2018-03-31T11:50:08","slug":"jokamiehenluokka","status":"publish","type":"page","link":"https:\/\/mikua.fi\/uudet\/lajit\/jokamiehenluokka\/","title":{"rendered":"Jokamiehenluokka"},"content":{"rendered":"<div class=\"gallery\"><a title=\"\" href=\"http:\/\/www.autourheilu.fi\/site\/assets\/files\/1126\/jm-sm-liigafinaali-2014-0763.0x800.jpg\"><img decoding=\"async\" class=\"theme-image img-responsive\" src=\"http:\/\/www.autourheilu.fi\/site\/assets\/files\/1126\/sivurajaus_jm-sm-liigafinaali-2014-0763.jpg\" \/><\/a><\/div>\n<div id=\"body\">\n<h3><\/h3>\n<div class=\"body clearfix\">\n<p><strong>Jokamiehenluokka<\/strong> eli Jokkis on harrastajam\u00e4\u00e4rilt\u00e4\u00e4n suurin autourheilulaji. Jokkis on edullinen kilpa-autoilu luokka, jonka suhteellisen vapaat tekniset s\u00e4\u00e4nn\u00f6t mahdollistavat kilpailussa k\u00e4ytetyn auton rakentamisen l\u00e4hes kaikista siviili liikenteess\u00e4 k\u00e4ytett\u00e4vist\u00e4 autoista.<\/p>\n<p><strong>Luokalle<\/strong> ominainen piirre on, ett\u00e4 kilpailuun osallistuvat autot ovat s\u00e4\u00e4nt\u00f6jen mukaan myyntivelvoitteen alla. N\u00e4in ollen kilpailun j\u00e4lkeen k\u00e4yt\u00e4v\u00e4ss\u00e4 ostotarjousmenettelyss\u00e4, autot ovat kaikkien kilpailijalisenssin ja lajitutkinnon omaavien harrastajien ostettavissa.<\/p>\n<p><strong>Mukaan kilpailemaan p\u00e4\u00e4see<\/strong> jo sin\u00e4 vuonna kun t\u00e4ytt\u00e4\u00e4 15 vuotta, suoritettuaan ensin JM-tutkinnon. Tutkinnon voi suorittaa jo sin\u00e4 vuonna kun henkil\u00f6 t\u00e4ytt\u00e4\u00e4 14 vuotta.<br \/>\nNuorten luokassa alle 18-vuotiaat sek\u00e4 pojat ett\u00e4 tyt\u00f6t voivat ajaa yhdess\u00e4. Yleisess\u00e4 luokassa kuljettajan tulee olla 18 vuotta t\u00e4ytt\u00e4nyt. Kaikissa luokissa kuljettajilta vaaditaan tutkinnon lis\u00e4ksi kilpailulisenssi, joka sis\u00e4lt\u00e4\u00e4 kilpailijan tapaturmavakuutuksen.<\/p>\n<p><strong>Radat <\/strong>ovat p\u00e4\u00e4osilta soraratoja, joita on hieman alle sata. Muutamia kilpailuja ajetaan my\u00f6s kokonaan asfaltilla eli moottoriradoilla. Talvella ajetaan sek\u00e4 j\u00e4rvien j\u00e4\u00e4ll\u00e4 ett\u00e4 maalle j\u00e4\u00e4dytetyill\u00e4 radoilla.<\/p>\n<p><strong>Kilpailuja j\u00e4rjestet\u00e4\u00e4n<\/strong> vuosittain noin 100 eri puolilla maata. Osallistujam\u00e4\u00e4r\u00e4t vaihtelevat 50 kuljettajasta aina yli 400 kuljettajan mammuttikilpailuihin. Lis\u00e4ksi on seurojen omia j\u00e4sentenv\u00e4lisi\u00e4 kilpailuja, joita j\u00e4rjestet\u00e4\u00e4n noin 50. N\u00e4iss\u00e4 kilpailuissa ei vaadita JM-tutkintoa ja tutustumislisenssin voi hankkia kilpailupaikalta omalta seuraltaan.<\/p>\n<p><strong>Huipputasolla ajetaan <\/strong>Suomenmestaruuksia kuudessa eri luokassa; Nuoret, Nuoret EVK, Naiset, Yleinen, Yleinen EVK sek\u00e4 Joukkuekilpailussa Liigassa. Jokamiehenluokassa ajetaan my\u00f6s joukkuekilpailuja, kuten JM-SM liiga, jossa ajetaan joukkueiden Suomenmestaruudesta. JM-SM liigassa on mukana vuosittain vaihteleva m\u00e4\u00e4r\u00e4 joukkueita.<\/p>\n<p><strong>Ostotarjousmenettelyss\u00e4<\/strong> t\u00e4ytet\u00e4\u00e4n ja j\u00e4tet\u00e4\u00e4n tarjouksen tekij\u00e4n tiedoilla varustettu ostotarjouskuitti kilpailunj\u00e4rjest\u00e4j\u00e4lle halutusta autosta. Kilpailija voi halutessaan tehd\u00e4 ajamastaan autosta suojatarjouksia. Jos autosta on j\u00e4tetty useampi ostotarjous, suoritetaan arvonta. Ostotarjousmenettelyss\u00e4 auton hinta on 1400 euroa.<\/p>\n<\/div>\n<\/div>\n","protected":false},"excerpt":{"rendered":"<p>Jokamiehenluokka eli Jokkis on harrastajam\u00e4\u00e4rilt\u00e4\u00e4n suurin autourheilulaji. Jokkis on edullinen kilpa-autoilu luokka.<\/p>\n","protected":false},"author":1,"featured_media":57,"parent":82,"menu_order":30,"comment_status":"closed","ping_status":"closed","template":"","meta":{"_acf_changed":false,"footnotes":""},"class_list":["post-88","page","type-page","status-publish","has-post-thumbnail","hentry"],"acf":[],"_links":{"self":[{"href":"https:\/\/mikua.fi\/uudet\/wp-json\/wp\/v2\/pages\/88","targetHints":{"allow":["GET"]}}],"collection":[{"href":"https:\/\/mikua.fi\/uudet\/wp-json\/wp\/v2\/pages"}],"about":[{"href":"https:\/\/mikua.fi\/uudet\/wp-json\/wp\/v2\/types\/page"}],"author":[{"embeddable":true,"href":"https:\/\/mikua.fi\/uudet\/wp-json\/wp\/v2\/users\/1"}],"replies":[{"embeddable":true,"href":"https:\/\/mikua.fi\/uudet\/wp-json\/wp\/v2\/comments?post=88"}],"version-history":[{"count":5,"href":"https:\/\/mikua.fi\/uudet\/wp-json\/wp\/v2\/pages\/88\/revisions"}],"predecessor-version":[{"id":676,"href":"https:\/\/mikua.fi\/uudet\/wp-json\/wp\/v2\/pages\/88\/revisions\/676"}],"up":[{"embeddable":true,"href":"https:\/\/mikua.fi\/uudet\/wp-json\/wp\/v2\/pages\/82"}],"wp:featuredmedia":[{"embeddable":true,"href":"https:\/\/mikua.fi\/uudet\/wp-json\/wp\/v2\/media\/57"}],"wp:attachment":[{"href":"https:\/\/mikua.fi\/uudet\/wp-json\/wp\/v2\/media?parent=88"}],"curies":[{"name":"wp","href":"https:\/\/api.w.org\/{rel}","templated":true}]}}