{"id":90,"date":"2015-10-21T07:32:05","date_gmt":"2015-10-21T04:32:05","guid":{"rendered":"http:\/\/mikua.fi\/uudet\/?page_id=90"},"modified":"2018-04-25T18:14:11","modified_gmt":"2018-04-25T15:14:11","slug":"karting","status":"publish","type":"page","link":"https:\/\/mikua.fi\/uudet\/lajit\/karting\/","title":{"rendered":"Karting"},"content":{"rendered":"<div class=\"gallery\"><a title=\"\" href=\"http:\/\/www.autourheilu.fi\/site\/assets\/files\/1128\/fullsizeoutput_3ec.0x800.jpeg\"><img decoding=\"async\" class=\"theme-image img-responsive\" src=\"http:\/\/www.autourheilu.fi\/site\/assets\/files\/1128\/sivurajaus_fullsizeoutput_3ec.jpeg\" \/><\/a><\/div>\n<div id=\"body\">\n<p><strong>Karting<\/strong> on autourheilun suurin nuorisolaji, jossa luodaan peruspohja ja tehd\u00e4\u00e4n perusharjoittelu my\u00f6hemp\u00e4\u00e4 autourheilu-uraa varten. Karting on my\u00f6s aitoa kilpaurheilua, jossa voi rakentaa omaa autourheilijan uraa i\u00e4st\u00e4 riippumatta. Kartingissa ajatetaan FIA:n maailmanmestaruudesta, ja t\u00e4m\u00e4 antaakin laajat mahdollisuudet kehitt\u00e4\u00e4 ja luoda uraa lajin sis\u00e4ll\u00e4.<\/p>\n<div class=\"body clearfix\">\n<p><strong>Karting <\/strong><strong>on<\/strong> tapahtumarikas, nopeatempoinen ja haastava laji, joka tekee siit\u00e4 my\u00f6s eritt\u00e4in mielenkiintoisen seurattavan katsojille. Ulkoratojen kilpailuissa keskituntinopeudet nousevat usein yli 70 kilometriin tunnissa huippunopeuksien ollessa jopa 140km\/h tasoa.<\/p>\n<p><strong>Helpoiten lajin pariin<\/strong> p\u00e4\u00e4see osallistumalla paikallisen autourheiluseuran j\u00e4rjest\u00e4m\u00e4\u00e4n karting-ajokoulutukseen, jossa opetellaan s\u00e4\u00e4nt\u00f6j\u00e4 ja harjoitellaan ohjatusti ajamista.<\/p>\n<p><strong>Karting-auton ajamisen<\/strong> voi aloittaa jo hyvin nuorena ja ensimm\u00e4iseen harrasteluokkaan (Cadett) p\u00e4\u00e4see jo 6-vuotiaana, kansallisiin kilpailuihin Mini60- ja Raket-luokissa voi ottaa osaa sin\u00e4 vuonna, kun t\u00e4ytt\u00e4\u00e4 9\u00a0vuotta. Pojat ja tyt\u00f6t ajavat kartingissa samoissa luokissa ja kilpailuissa.<\/p>\n<p><strong>My\u00f6s varttuneemmille<\/strong> kilpailuhenkisille ja vauhdinn\u00e4lk\u00e4isille karting tarjoaa monia aikuisharrastemahdollisuuksia esimerkiksi aikuisharrastajien joukkuekilpailujen muodossa.<\/p>\n<p><strong>Menesty\u00e4kseen kuljettajana<\/strong> t\u00e4ss\u00e4 lajissa on hyvin nuorena omaksuttava my\u00f6s urheilijael\u00e4m\u00e4n tuomat haasteet niin henkiselle kuin fyysisellekin puolelle.<\/p>\n<p><strong>Kartingin ulkoratoja<\/strong> Suomessa on yli 50 kappaletta, joiden lis\u00e4ksi ensimetrit voi k\u00e4yd\u00e4 ottamassa vaikka sis\u00e4karting-halleissa, joita on ymp\u00e4ri Suomea.<\/p>\n<p>L\u00e4hes kaikki formulakuljettajamme sek\u00e4 monet muidenkin lajien kuljettajat ovat aloittaneet uransa juuri t\u00e4st\u00e4 lajista. Muun muassa Kimi R\u00e4ikk\u00f6nen sek\u00e4 Heikki Kovalainen ovat aloittaneet kartingista ja he ajavat edelleenkin v\u00e4lill\u00e4 karting-autolla harrastuksena ja harjoituksena. Laji pit\u00e4\u00e4 sis\u00e4ll\u00e4\u00e4n ammattilaisuuden sek\u00e4 harrastustoiminnan niin aikuisille kuin lapsillekin.<\/p>\n<\/div>\n<\/div>\n<p>Seurallamme on harjoittelurata Anttolassa, jossa p\u00e4\u00e4set tutustumaan lajiin omistamillamme autoilla. Seurallamme on kaksi omaa autoa kilpailus\u00e4\u00e4nn\u00f6t t\u00e4ytt\u00e4v\u00e4\u00e4 8-10 vuotiaille sopiva ja 10-15 vuotiaille sopiva auto. Vuonna 2017 saimme AKK:lta k\u00e4ytt\u00f6\u00f6mme my\u00f6s Flying Finn 100 karting-auton.<\/p>\n<p>Tulevan kes\u00e4n kerhoilta radalla on tiistaisin klo 18.00-20.00. T\u00e4ll\u00f6in on ohjattua ajoharjoittelua ja omaa autoa ei tarvita, vaan voitte vuokrata seuran autoja ja kokeilla lajia.<\/p>\n<p>Seuramme karting -asioista lis\u00e4tietoa saat Kari Kemppiselt\u00e4, p. 040 5273607\u00a0tai Jari Ikoselta, p. 044 366 8382.<\/p>\n","protected":false},"excerpt":{"rendered":"<p>Karting on autourheilun suurin nuorisolaji, jossa tehd\u00e4\u00e4n perusharjoittelu koko my\u00f6hemp\u00e4\u00e4 autourheilu uraa varten.<\/p>\n","protected":false},"author":1,"featured_media":497,"parent":82,"menu_order":40,"comment_status":"closed","ping_status":"closed","template":"","meta":{"_acf_changed":false,"footnotes":""},"class_list":["post-90","page","type-page","status-publish","has-post-thumbnail","hentry"],"acf":[],"_links":{"self":[{"href":"https:\/\/mikua.fi\/uudet\/wp-json\/wp\/v2\/pages\/90","targetHints":{"allow":["GET"]}}],"collection":[{"href":"https:\/\/mikua.fi\/uudet\/wp-json\/wp\/v2\/pages"}],"about":[{"href":"https:\/\/mikua.fi\/uudet\/wp-json\/wp\/v2\/types\/page"}],"author":[{"embeddable":true,"href":"https:\/\/mikua.fi\/uudet\/wp-json\/wp\/v2\/users\/1"}],"replies":[{"embeddable":true,"href":"https:\/\/mikua.fi\/uudet\/wp-json\/wp\/v2\/comments?post=90"}],"version-history":[{"count":12,"href":"https:\/\/mikua.fi\/uudet\/wp-json\/wp\/v2\/pages\/90\/revisions"}],"predecessor-version":[{"id":688,"href":"https:\/\/mikua.fi\/uudet\/wp-json\/wp\/v2\/pages\/90\/revisions\/688"}],"up":[{"embeddable":true,"href":"https:\/\/mikua.fi\/uudet\/wp-json\/wp\/v2\/pages\/82"}],"wp:featuredmedia":[{"embeddable":true,"href":"https:\/\/mikua.fi\/uudet\/wp-json\/wp\/v2\/media\/497"}],"wp:attachment":[{"href":"https:\/\/mikua.fi\/uudet\/wp-json\/wp\/v2\/media?parent=90"}],"curies":[{"name":"wp","href":"https:\/\/api.w.org\/{rel}","templated":true}]}}