{"id":92,"date":"2015-10-21T07:32:29","date_gmt":"2015-10-21T04:32:29","guid":{"rendered":"http:\/\/mikua.fi\/uudet\/?page_id=92"},"modified":"2018-03-31T14:51:24","modified_gmt":"2018-03-31T11:51:24","slug":"off-road","status":"publish","type":"page","link":"https:\/\/mikua.fi\/uudet\/lajit\/off-road\/","title":{"rendered":"Off Road"},"content":{"rendered":"<div class=\"gallery\"><a title=\"\" href=\"http:\/\/www.autourheilu.fi\/site\/assets\/files\/1129\/dsc2973.0x800.jpg\"><img decoding=\"async\" class=\"theme-image img-responsive\" src=\"http:\/\/www.autourheilu.fi\/site\/assets\/files\/1129\/sivurajaus_dsc2973.jpg\" \/><\/a><\/div>\n<div id=\"body\">\n<div class=\"body clearfix\">\n<p><strong>Off Road <\/strong>-kilpailu on maastoajoneuvoilla maastossa tapahtuvaa kilpailutoimintaa, eli niin sanottua trialkilpailua. Trial on maastoajoneuvolla tapahtuva jaksottainen taitoajo maastoon merkityll\u00e4 radalla. Tulos ratkaistaan virhepistein.<\/p>\n<p>Off Road mutakilpailu on maastoajoneuvoilla pareittain tapahtuvaa kilpailutoimintaa kahdessa samanlaisessa niin sanotussa mutar\u00e4nniss\u00e4 pudotusperiaatteella.<\/p>\n<p>Maastoajoneuvoharrastuksen piiriin kuuluu my\u00f6s mm. safaritoiminta, joka ei ole kilpailutoimintaa. Safari on jaksotettua siirtym\u00e4\u00e4 maastossa sek\u00e4 kokoontumisajoa jaksolta toiselle. Safariin liittyy usein my\u00f6s osanottajille j\u00e4rjestettyj\u00e4 tapahtumia.<\/p>\n<p>Off Trialia on ajettu AKK:n alaisuudessa Suomessa kohta 20 vuotta. Trial on 4&#215;4 maastureilla maastossa tapahtuvaa taitoajoa, jonne j\u00e4rjest\u00e4j\u00e4 on luonut radan k\u00e4ytt\u00e4en hyv\u00e4kseen luonnonesteit\u00e4.<\/p>\n<p>Lajia ajetaan seuraavissa viidess\u00e4 eri ryhm\u00e4ss\u00e4; standard, modified, pro-modified, prototype sek\u00e4 harraste\/standard. N\u00e4ist\u00e4 viimeisin on lajiin tutustumisluokka, jossa Off Road Trialia p\u00e4\u00e4see ajamaan pienin autoon teht\u00e4vin muutoksin tai virallisiin kilpailu ryhmiin sopimattomilla autoilla.<\/p>\n<p>Off Road Trialin vuoden p\u00e4\u00e4tapahtuma on Eurotrial -mestaruuskilpailu, jossa osanottajat kaikista Euroopan maista (sek\u00e4 Ven\u00e4j\u00e4lt\u00e4) ratkaisevat kaksip\u00e4iv\u00e4isess\u00e4 kilpailussa parhaat kilpailijat, sek\u00e4 parhaiten kokonaisuutena p\u00e4rj\u00e4nneet maakohtaiset mestaruudet. Eurotrial j\u00e4rjestet\u00e4\u00e4n kiert\u00e4v\u00e4ss\u00e4 j\u00e4rjestyksess\u00e4 eri Euroopan maissa. Vuonna 2014 Eurotrial Promodified \u2013 luokan mestaruuden vei suomalainen kuljettajapari.<\/p>\n<p>Formula Of Road kuuluu autourheilun extremelajeihin. Laji sai alkunsa Islannista, josta se on levinnyt muihin Scandinavian maihin. Lajissa ajetaan painovoimaa vastaan yl\u00f6s, alas ja sivuttain jyrkki\u00e4 hiekkarinteit\u00e4 merkityll\u00e4 radalla. Lajia ajetaan kahdessa eri luokassa, Modified ja Unlimited.<\/p>\n<p>Modified -luokan erottaa selvimmin pienempi lapaiset hiekkarenkaat sek\u00e4 konetehot, jotka py\u00f6riv\u00e4t modified -luokassa 450\u2013600 hevosvoiman v\u00e4lill\u00e4. Formula Off Roadin kuningasluokassa eli Unlimitediss\u00e4 k\u00e4ytet\u00e4\u00e4n isolapaisia hiekkarenkaita ja ilokaasuk\u00e4ytt\u00f6iset V8 \u2013 moottorit antavat ulos keskim\u00e4\u00e4rin noin 1000 hevosvoimaa.<\/p>\n<p>Suomalaisten menestys on ollut huikeaa Off Roadissa. Vuonna 2014 suomalaiset veiv\u00e4t nimiins\u00e4 Promodified -luokan sek\u00e4 Eurotrial -mestaruuden ett\u00e4 Pohjoismaiden mestaruuden.<\/p>\n<\/div>\n<\/div>\n<p>Lis\u00e4tietoa Offroad:sta saat Mikko P\u00f6ystilt\u00e4 +358 45 884 1331 ja Jarno Neuvoselta +358 44 989 4340<\/p>\n","protected":false},"excerpt":{"rendered":"<p>Off Road kilpailu on maastoajoneuvoilla maastossa tapahtuvaa kilpailutoimintaa ns. trialkilpailuiluna.<\/p>\n","protected":false},"author":1,"featured_media":175,"parent":82,"menu_order":50,"comment_status":"closed","ping_status":"closed","template":"","meta":{"_acf_changed":false,"footnotes":""},"class_list":["post-92","page","type-page","status-publish","has-post-thumbnail","hentry"],"acf":[],"_links":{"self":[{"href":"https:\/\/mikua.fi\/uudet\/wp-json\/wp\/v2\/pages\/92","targetHints":{"allow":["GET"]}}],"collection":[{"href":"https:\/\/mikua.fi\/uudet\/wp-json\/wp\/v2\/pages"}],"about":[{"href":"https:\/\/mikua.fi\/uudet\/wp-json\/wp\/v2\/types\/page"}],"author":[{"embeddable":true,"href":"https:\/\/mikua.fi\/uudet\/wp-json\/wp\/v2\/users\/1"}],"replies":[{"embeddable":true,"href":"https:\/\/mikua.fi\/uudet\/wp-json\/wp\/v2\/comments?post=92"}],"version-history":[{"count":8,"href":"https:\/\/mikua.fi\/uudet\/wp-json\/wp\/v2\/pages\/92\/revisions"}],"predecessor-version":[{"id":679,"href":"https:\/\/mikua.fi\/uudet\/wp-json\/wp\/v2\/pages\/92\/revisions\/679"}],"up":[{"embeddable":true,"href":"https:\/\/mikua.fi\/uudet\/wp-json\/wp\/v2\/pages\/82"}],"wp:featuredmedia":[{"embeddable":true,"href":"https:\/\/mikua.fi\/uudet\/wp-json\/wp\/v2\/media\/175"}],"wp:attachment":[{"href":"https:\/\/mikua.fi\/uudet\/wp-json\/wp\/v2\/media?parent=92"}],"curies":[{"name":"wp","href":"https:\/\/api.w.org\/{rel}","templated":true}]}}