{"id":94,"date":"2015-10-21T07:32:53","date_gmt":"2015-10-21T04:32:53","guid":{"rendered":"http:\/\/mikua.fi\/uudet\/?page_id=94"},"modified":"2018-03-31T14:54:34","modified_gmt":"2018-03-31T11:54:34","slug":"pienoisautoilu","status":"publish","type":"page","link":"https:\/\/mikua.fi\/uudet\/lajit\/pienoisautoilu\/","title":{"rendered":"Pienoisautoilu"},"content":{"rendered":"<div class=\"gallery\"><a title=\"\" href=\"http:\/\/www.autourheilu.fi\/site\/assets\/files\/1130\/014.0x800.jpg\"><img decoding=\"async\" class=\"theme-image img-responsive\" src=\"http:\/\/www.autourheilu.fi\/site\/assets\/files\/1130\/sivurajaus_014.jpg\" \/><\/a><\/div>\n<div id=\"body\">\n<h3><\/h3>\n<div class=\"body clearfix\">\n<p>Yksi laji &#8211; monta vaihtoehtoa. <strong>Pienoisautoilussa<\/strong> ajetaan nopeuskilpailuja suljetulla radalla autoilla, jotka ovat niin pieni\u00e4, ett\u00e4 kuljettajan pit\u00e4\u00e4 ohjata autoa kauko-ohjauksella. Kaikki ovat m\u00e4\u00e4r\u00e4tyss\u00e4 suhteessa pienenn\u00f6ksi\u00e4 oikeista tai \u201dkuvitelluista\u201d autoista.<\/p>\n<p>Pienoisautoilu jaetaan kahteen osaan: ura-autoihin ja radio-ohjattaviin eli RC (Radio Controlled)-autoihin<\/p>\n<p><strong><em>Ura-autoja<\/em><\/strong> ajetaan nimens\u00e4 mukaisesti uritetulla radalla. Autossa oleva ohjuri kulkee urassa ja ura hoitaa ohjauksen, jos vauhti on sopiva. Kuljettajalla on k\u00e4sis\u00e4\u00e4din, jolla uran molemmin puolin kulkeviin virtakiskoihin menev\u00e4\u00e4 j\u00e4nnitett\u00e4 muutetaan. Ohjuriin on kiinnitetty laahaimet joilla s\u00e4hk\u00f6 siirtyy radan virtakiskoista laahaimien kautta auton s\u00e4hk\u00f6moottorille. Ajaminen tapahtuu niin sanotusti kaasua, eli auton s\u00e4hk\u00f6moottorin j\u00e4nnitteen m\u00e4\u00e4r\u00e4\u00e4 s\u00e4\u00e4telem\u00e4ll\u00e4.<\/p>\n<p><strong><em>Ura-autoradat <\/em><\/strong>ovat puurakenteisia ja isoja. Radat ovat yli 30 metri\u00e4 pitki\u00e4 ja 6-8 uraisia. Radan virtal\u00e4hteen\u00e4 on iso 12V akku tai hakkurivirtal\u00e4hde. Radoilla on useimmiten valokenno ohjattu kierroslaskentatietokone. Tuhannesosien tarkkuutta tarvitaan, sill\u00e4 kierrosajat ovat tyypillisesti 1,5 &#8211; 6 sekunnin luokkaa. Uusin rata l\u00f6ytyy Kotkasta ja se on valmistunut vuonna 2014.<\/p>\n<p><strong><em>Ura-autot<\/em><\/strong> on rakennettu yleisimmin mittakaavaan 1\/24, eli autot ovat noin 10-15cm pitki\u00e4. Autot jakaantuvat kahteen eri kategoriaan, skaala- ja siipiautoihin, molemmissa ajetaan useassa eri luokassa. Skaala-autoissa esikuvan mallia seurataan korin muodon ja v\u00e4rityksen osalta, mutta rungot poikkeavat esikuvista ja ovat luokkakohtaisia. Siipiautoissa on sivuilla l\u00e4pin\u00e4kyv\u00e4t siivet ja takana spoileri. Siivet ovat kaksi kertaa auton koria korkeammat.<\/p>\n<p><strong><em>Radio-ohjattavien autojen<\/em><\/strong> eli RC-autojen yleisimm\u00e4t kokoluokat Suomessa ovat 1:12, 1:10 ja 1:8. RC on lyhennys englanninkielisist\u00e4 &#8221;radio control&#8221; -sanoista. RC-autoja saa sek\u00e4 taka- ett\u00e4 nelivetoisina sek\u00e4 s\u00e4hk\u00f6- ett\u00e4 polttomoottorilla monissa eri mittakaavoissa. Useimmat RC-autot kootaan itse rakennussarjasta, mutta osa myyt\u00e4vist\u00e4 RC-autoista on koottu osittain valmiiksi. RC-autoissa s\u00e4\u00e4t\u00f6jen m\u00e4\u00e4r\u00e4 on l\u00e4hes yht\u00e4 suuri kuin 1:1 autoissakin.<\/p>\n<p><strong><em>RC-autoradat <\/em><\/strong>jakaantuvat tyypilt\u00e4\u00e4n sis\u00e4ratoihin ja ulkoratoihin. Sis\u00e4ratojen pinta on kokolattiamattoa (mattorata) ja ulkoratojen joko asfalttia (asfalttirata-autot) tai maa-ainesta (maastoautot). Ratapaikka muodostuu itse radasta, ajajakorokkeesta, varikosta ja oheistiloista, kuten katsomo, sosiaalitilat, pys\u00e4k\u00f6intipaikat jne.<\/p>\n<p>Suomen maine kansainv\u00e4listenkilpailujen j\u00e4rjest\u00e4j\u00e4n\u00e4 on huippuluokkaa. My\u00f6s menestys itse kisoissa kansainv\u00e4lisell\u00e4tasolla on ollut erinomaista.<\/p>\n<p>Lajin luonne tuo s\u00e4\u00e4nn\u00f6llisesti uusia luokkia tarjolle ja harrastustoiminta on, ja tulee olemaan pienoisautoilun t\u00e4rkein elementti.<\/p>\n<p>Harrastuksen voi aloittaa jo hyvin nuorella i\u00e4ll\u00e4, joten pienoisautoilu on erinomainen tapa ottaa perheen pienimm\u00e4tkin mukaan lajin pariin!<\/p>\n<p>Mikkelin Urheiluautoilijoilla on kiinte\u00e4 &#8221;mattorata&#8221; Otavan Koulutilan entisess\u00e4 liikuntasalissa ja 2018 rakennamme uuden ulkoradan Lekatie 4:n tontille toimistomme viereen.<\/p>\n<\/div>\n<\/div>\n<p>Mikkelin Pienoisautoilijat l\u00f6ytyy my\u00f6s <a href=\"https:\/\/www.facebook.com\/MikkelinPA\/?fref=ts\" target=\"_blank\" rel=\"noopener\">facebookista<\/a>.<\/p>\n","protected":false},"excerpt":{"rendered":"<p>Yksi laji \u2013 monta vaihtoehtoa. Pienoisautoilussa ajetaan nopeuskilpailuja suljetulla radalla autoilla, jotka ovat niin pieni\u00e4, ett\u00e4 kuljettajan pit\u00e4\u00e4 ohjata autoa kauko-ohjauksella.<\/p>\n","protected":false},"author":1,"featured_media":197,"parent":82,"menu_order":60,"comment_status":"closed","ping_status":"closed","template":"","meta":{"_acf_changed":false,"footnotes":""},"class_list":["post-94","page","type-page","status-publish","has-post-thumbnail","hentry"],"acf":[],"_links":{"self":[{"href":"https:\/\/mikua.fi\/uudet\/wp-json\/wp\/v2\/pages\/94","targetHints":{"allow":["GET"]}}],"collection":[{"href":"https:\/\/mikua.fi\/uudet\/wp-json\/wp\/v2\/pages"}],"about":[{"href":"https:\/\/mikua.fi\/uudet\/wp-json\/wp\/v2\/types\/page"}],"author":[{"embeddable":true,"href":"https:\/\/mikua.fi\/uudet\/wp-json\/wp\/v2\/users\/1"}],"replies":[{"embeddable":true,"href":"https:\/\/mikua.fi\/uudet\/wp-json\/wp\/v2\/comments?post=94"}],"version-history":[{"count":11,"href":"https:\/\/mikua.fi\/uudet\/wp-json\/wp\/v2\/pages\/94\/revisions"}],"predecessor-version":[{"id":681,"href":"https:\/\/mikua.fi\/uudet\/wp-json\/wp\/v2\/pages\/94\/revisions\/681"}],"up":[{"embeddable":true,"href":"https:\/\/mikua.fi\/uudet\/wp-json\/wp\/v2\/pages\/82"}],"wp:featuredmedia":[{"embeddable":true,"href":"https:\/\/mikua.fi\/uudet\/wp-json\/wp\/v2\/media\/197"}],"wp:attachment":[{"href":"https:\/\/mikua.fi\/uudet\/wp-json\/wp\/v2\/media?parent=94"}],"curies":[{"name":"wp","href":"https:\/\/api.w.org\/{rel}","templated":true}]}}