{"id":96,"date":"2015-10-21T07:33:08","date_gmt":"2015-10-21T04:33:08","guid":{"rendered":"http:\/\/mikua.fi\/uudet\/?page_id=96"},"modified":"2018-03-31T14:56:52","modified_gmt":"2018-03-31T11:56:52","slug":"ralli","status":"publish","type":"page","link":"https:\/\/mikua.fi\/uudet\/lajit\/ralli\/","title":{"rendered":"Ralli"},"content":{"rendered":"<div class=\"gallery\"><a title=\"\" href=\"http:\/\/www.autourheilu.fi\/site\/assets\/files\/1131\/liminka15_0611.0x800.jpg\"><img decoding=\"async\" class=\"theme-image img-responsive\" src=\"http:\/\/www.autourheilu.fi\/site\/assets\/files\/1131\/sivurajaus_liminka15_0611.jpg\" \/><\/a><\/div>\n<div id=\"body\">\n<h3><\/h3>\n<div class=\"body clearfix\">\n<p><strong>Ralli <\/strong>on Suomen seuratuin autourheilumuoto. Ralli on saavuttanut tukevan jalansijan suomalaisten syd\u00e4miss\u00e4 jo kuusikymment\u00e4luvulta l\u00e4htien, jolloin luotiin k\u00e4site &#8221;lent\u00e4v\u00e4t suomalaiset&#8221;. T\u00e4m\u00e4 perinne on jatkunut katkeamattomana aina n\u00e4ihin p\u00e4iviin asti.<\/p>\n<p>Suomalaisia huippukuljettajia on riitt\u00e4nyt lajin MM-tasolla katkeamattomana ketjuna, ja n\u00e4iden huippujen edesottamuksia seurataan kotimaassa tiiviisti niin televisiosta, internetist\u00e4 ja muista tiedotusv\u00e4lineist\u00e4<\/p>\n<p><strong><em>Rallia voi Suomessa harrastaa <\/em><\/strong>usealla eri tasolla ja useassa luokassa. Eritasoisia kilpailuja ajetaan, niin talvella kuin kes\u00e4ll\u00e4kin eri puolilla maata. Koska kilpailuissa on luokkia useille erilaisille autoille, on rallin harrastaminen mahdollista hyvinkin useilla erilaisilla tasoilla ja kustannuksilla, riippuen harrastajan p\u00e4\u00e4m\u00e4\u00e4rist\u00e4.<\/p>\n<p><strong><em>Edellytyksen\u00e4 <\/em><\/strong>rallikilpailuun osallistumiselle I-ohjaajalle on voimassaoleva ajokortti, kilpailijalisenssi sek\u00e4 rallin perustutkinto. II-ohjaajalta ei vaadita ajokorttia, mutta kilpailijalisenssi sek\u00e4 rallin perustutkinto. Rallikilpailuissa auton tulee olla luokiteltuna joko kansallisesti tai kansainv\u00e4lisesti johonkin tiettyyn ryhm\u00e4\u00e4n, sek\u00e4 luokkaan. Lis\u00e4ksi auton tulee olla tieliikenteeseen katsastettu. T\u00e4m\u00e4n j\u00e4lkeen sill\u00e4 voi osallistua rallikilpailuun, jossa on luokka kyseiselle autolle.<\/p>\n<p><strong><em>Sarjat:<\/em><\/strong> Rallia voi harrastaa Suomessa usealla eri tasolla. Kotimainen huipputuote on Ralli SM-sarja. Suomenmestaruudesta ajetaan niin neli- kuin kaksivetoisten luokissa. Lis\u00e4ksi SM-Rallien yhteydess\u00e4 ajetaan Suomi-Cupin mestaruuksista kahdessa eri luokassa. N\u00e4in ollen l\u00e4hes kaikkien luokkien autoilla on mahdollista ajaa ennakkotutustuttavissa ralleissa sarjapisteist\u00e4. Mikkelin Urheiluautoilijat on is\u00e4nn\u00f6inyt yht\u00e4 SM-osakilpailua yht\u00e4jaksoisesti vuodesta 2003 saakka. 2019 on v\u00e4livuosi ja seuraava Mikkelin SM-Ralli ajetaan vuonna 2020.<\/p>\n<p>My\u00f6s juniorilisenssin omaaville kuljettajille on oma arvosarjansa, jossa kilpaillaan Rallin Suomen Juniorimestarin tittelist\u00e4. Sarjassa kilpaillaan viidess\u00e4 eri luokassa, joista palkitaan vuosittain yksi mestari. N\u00e4iden kilpailujen yhteydess\u00e4 kilpaillaan my\u00f6s nuorten, alle 18-vuotiaiden, sek\u00e4 naisten Cup-mestaruudesta. Lis\u00e4ksi RSJM-osakilpailuissa kilpaillaan Rally Trophy mestaruudesta, alle 1400-kuutioisilla sek\u00e4 V1600-autoilla.<\/p>\n<p>Harrastajam\u00e4\u00e4rilt\u00e4\u00e4n suosituimpia rallisarjoja Suomessa ovat kansallisen luokituksen omaavilla F-Ryhm\u00e4n autoilla ajettava F-Cup sek\u00e4 vanhemmille Historic-autoille tarkoitettu Historic Rally Trophy, jossa ajetaan omista mestaruuksista eri ik\u00e4kausien autoilla. Kyseisten sarjojen kilpailut ovat RSJM-osakilpailujen ohessa ns. &#8221;pimeit\u00e4 kilpailuita&#8221;, joissa reittiin ei saa tutustua ennakkoon. Kyseiset sarjat ovat my\u00f6s katsojien keskuudessa eritt\u00e4in suosittuja.<\/p>\n<p><strong><em>Lis\u00e4ksi j\u00e4rjestet\u00e4\u00e4n<\/em><\/strong> lyhyit\u00e4 kansallisia ralleja sek\u00e4 ns. Rallispecial-kilpailuita, jotka ovat pienelle alueelle keskittyneit\u00e4, yht\u00e4 tiekokonaisuutta hy\u00f6dynt\u00e4vi\u00e4 kilpailuita.<\/p>\n<p><strong><em>Sorateiden Grand Prix:<\/em><\/strong> Lajin suurin tapahtuma kotimaassamme on vuotuinen MM-rallimme, Neste Oil Ralli, joka ker\u00e4\u00e4 vuosittain huikeat m\u00e4\u00e4r\u00e4t rallifaneja seuraamaan maailmant\u00e4htien edesottamuksia Keski-Suomen sorateill\u00e4. Suomen MM-ralli on maineeltaan yksi MM-sarjan kulmakivist\u00e4, ja on ansainnut n\u00e4in ollen vakituisen paikkansa MM-kalenterissa.<\/p>\n<\/div>\n<\/div>\n","protected":false},"excerpt":{"rendered":"<p>Ralliautoilu on Suomen seuratuin autourheilumuoto. Ralli on saavuttanut tukevan jalansijan suomalaisten syd\u00e4miss\u00e4 jo kuusikymment\u00e4luvulta l\u00e4htien.<\/p>\n","protected":false},"author":1,"featured_media":67,"parent":82,"menu_order":70,"comment_status":"closed","ping_status":"closed","template":"","meta":{"_acf_changed":false,"footnotes":""},"class_list":["post-96","page","type-page","status-publish","has-post-thumbnail","hentry"],"acf":[],"_links":{"self":[{"href":"https:\/\/mikua.fi\/uudet\/wp-json\/wp\/v2\/pages\/96","targetHints":{"allow":["GET"]}}],"collection":[{"href":"https:\/\/mikua.fi\/uudet\/wp-json\/wp\/v2\/pages"}],"about":[{"href":"https:\/\/mikua.fi\/uudet\/wp-json\/wp\/v2\/types\/page"}],"author":[{"embeddable":true,"href":"https:\/\/mikua.fi\/uudet\/wp-json\/wp\/v2\/users\/1"}],"replies":[{"embeddable":true,"href":"https:\/\/mikua.fi\/uudet\/wp-json\/wp\/v2\/comments?post=96"}],"version-history":[{"count":5,"href":"https:\/\/mikua.fi\/uudet\/wp-json\/wp\/v2\/pages\/96\/revisions"}],"predecessor-version":[{"id":682,"href":"https:\/\/mikua.fi\/uudet\/wp-json\/wp\/v2\/pages\/96\/revisions\/682"}],"up":[{"embeddable":true,"href":"https:\/\/mikua.fi\/uudet\/wp-json\/wp\/v2\/pages\/82"}],"wp:featuredmedia":[{"embeddable":true,"href":"https:\/\/mikua.fi\/uudet\/wp-json\/wp\/v2\/media\/67"}],"wp:attachment":[{"href":"https:\/\/mikua.fi\/uudet\/wp-json\/wp\/v2\/media?parent=96"}],"curies":[{"name":"wp","href":"https:\/\/api.w.org\/{rel}","templated":true}]}}